{"id":4879,"date":"2025-06-09T09:28:17","date_gmt":"2025-06-09T02:28:17","guid":{"rendered":"https:\/\/xedop.com\/?post_type=product&#038;p=4879"},"modified":"2025-06-09T09:28:17","modified_gmt":"2025-06-09T02:28:17","slug":"mu-bao-hiem-xe-dap-fizik-kudo-white","status":"publish","type":"product","link":"https:\/\/xedopcom719.mbws.vn\/en\/san-pham\/mu-bao-hiem-xe-dap-fizik-kudo-white\/","title":{"rendered":"M\u0169 b\u1ea3o hi\u1ec3m xe \u0111\u1ea1p FIZIK Kudo &#8211; White"},"content":{"rendered":"<p>Kudo l\u00e0 chi\u1ebfc m\u0169 b\u1ea3o hi\u1ec3m xe \u0111\u1ea1p \u0111a n\u0103ng, mang l\u1ea1i s\u1ef1 tho\u1ea3i m\u00e1i v\u00e0 th\u00f4ng tho\u00e1ng t\u1ed1i \u01b0u cho c\u1ea3 \u0111\u01b0\u1eddng tr\u01b0\u1eddng, gravel v\u00e0 XC. M\u0169 \u0111\u01b0\u1ee3c trang b\u1ecb h\u1ec7 th\u1ed1ng MIPS Air Node th\u1ebf h\u1ec7 m\u1edbi nh\u1ea5t, \u0111\u00e8n h\u1eadu t\u00edch h\u1ee3p v\u00e0 kh\u1ea3 n\u0103ng \u0111i\u1ec1u ch\u1ec9nh ho\u00e0n to\u00e0n, \u0111\u1ea3m b\u1ea3o v\u1eeba v\u1eb7n ho\u00e0n h\u1ea3o v\u00e0 t\u0103ng c\u01b0\u1eddng b\u1ea3o v\u1ec7 ri\u00eang bi\u1ec7t cho m\u1ed7i ng\u01b0\u1eddi l\u00e1i.<\/p>\n<p>\u0110\u1eb7c bi\u1ec7t, chi\u1ebfc m\u0169 b\u1ea3o hi\u1ec3m n\u00e0y \u0111\u00e3 vinh d\u1ef1 nh\u1eadn \u0111\u01b0\u1ee3c \u0111\u00e1nh gi\u00e1 5 sao t\u1eeb \u0111\u1ed9i ng\u0169 nghi\u00ean c\u1ee9u an to\u00e0n h\u00e0ng \u0111\u1ea7u t\u1ea1i Ph\u00f2ng th\u00ed nghi\u1ec7m M\u0169 b\u1ea3o hi\u1ec3m Virginia Tech.<\/p>\n<p>B\u1ea2O V\u1ec6 T\u1ed0I \u01afU, HI\u1ec6U SU\u1ea4T V\u01af\u1ee2T TR\u1ed8I<\/p>\n<p>Kudo l\u00e0 chi\u1ebfc m\u0169 b\u1ea3o hi\u1ec3m n\u1eeda \u0111\u1ea7u hi\u1ec7u su\u1ea5t cao, sinh ra \u0111\u1ec3 chinh ph\u1ee5c \u0111\u01b0\u1eddng tr\u01b0\u1eddng, gravel v\u00e0 c\u1ea3 nh\u1eefng cung \u0111\u01b0\u1eddng XC MTB kh\u1eafc nghi\u1ec7t. V\u1edbi \u01b0u ti\u00ean h\u00e0ng \u0111\u1ea7u l\u00e0 s\u1ef1 th\u00f4ng tho\u00e1ng v\u00e0 tr\u1ecdng l\u01b0\u1ee3ng si\u00eau nh\u1eb9, Kudo s\u1ebd l\u00e0 ng\u01b0\u1eddi b\u1ea1n \u0111\u1ed3ng h\u00e0nh l\u00fd t\u01b0\u1edfng cho nh\u1eefng bu\u1ed5i \u0111\u1ea1p xe c\u01b0\u1eddng \u0111\u1ed9 cao ng\u00e0y h\u00e8 n\u00f3ng b\u1ee9c, nh\u1eefng d\u1ed1c leo d\u00e0i th\u1eed th\u00e1ch v\u00e0 nh\u1eefng chuy\u1ebfn \u0111i b\u1ee9t t\u1ed1c, lu\u00f4n \u0111\u1ea3m b\u1ea3o an to\u00e0n tuy\u1ec7t \u0111\u1ed1i theo ti\u00eau chu\u1ea9n cao nh\u1ea5t.<\/p>\n<p>THO\u00c1NG M\u00c1T TUY\u1ec6T \u0110\u1ed0I<\/p>\n<p>Ki\u1ec3u d\u00e1ng tr\u00f2n tr\u1ecba, c\u1ee7a Kudo kh\u00f4ng ch\u1ec9 gi\u1ea3m thi\u1ec3u di\u1ec7n t\u00edch c\u1ea3n gi\u00f3 m\u00e0 c\u00f2n t\u1ed1i \u01b0u kh\u1ea3 n\u0103ng \u0111i\u1ec1u h\u00f2a nhi\u1ec7t \u0111\u1ed9. H\u1ec7 th\u1ed1ng th\u00f4ng gi\u00f3 t\u00edch h\u1ee3p \u0111\u1ea3m b\u1ea3o lu\u1ed3ng kh\u00ed l\u01b0u th\u00f4ng tuy\u1ec7t v\u1eddi, gi\u00fap b\u1ea1n lu\u00f4n m\u00e1t m\u1ebb v\u00e0 duy tr\u00ec phong \u0111\u1ed9 \u0111\u1ec9nh cao trong su\u1ed1t nh\u1eefng ch\u1eb7ng \u0111ua c\u0103ng th\u1eb3ng. H\u01a1n n\u1eefa, Kudo \u0111\u1ea1t chu\u1ea9n an to\u00e0n k\u00e9p c\u1ee7a c\u1ea3 EU v\u00e0 CPSC, mang \u0111\u1ebfn s\u1ef1 b\u1ea3o v\u1ec7 va ch\u1ea1m h\u00e0ng \u0111\u1ea7u.<\/p>\n<p>THI\u1ebeT K\u1ebe \u01afU TI\u00caN AN TO\u00c0N<\/p>\n<p>Ki\u1ec3u d\u00e1ng m\u0169 tr\u00f2n tr\u1ecba, nh\u1eb5n m\u1ecbn \u0111\u01b0\u1ee3c t\u1ea1o h\u00ecnh \u0111\u1eb7c bi\u1ec7t \u0111\u1ec3 gi\u1ea3m thi\u1ec3u ma s\u00e1t b\u1ec1 m\u1eb7t khi x\u1ea3y ra va ch\u1ea1m, gi\u00fap gi\u1ea3m l\u1ef1c t\u00e1c \u0111\u1ed9ng trong t\u00ecnh hu\u1ed1ng kh\u00f4ng may. B\u00ean c\u1ea1nh \u0111\u00f3, c\u1ea5u tr\u00fac c\u1ea7u n\u1ed1i t\u00edch h\u1ee3p s\u00e2u b\u00ean trong l\u1edbp x\u1ed1p EPS c\u00f2n t\u0103ng c\u01b0\u1eddng kh\u1ea3 n\u0103ng b\u1ea3o v\u1ec7 b\u1eb1ng c\u00e1ch ph\u00e2n t\u00e1n l\u1ef1c kh\u1eafp m\u0169, mang \u0111\u1ebfn m\u1ed9t gi\u1ea3i ph\u00e1p an to\u00e0n to\u00e0n di\u1ec7n.<\/p>\n<p>C\u00d4NG NGH\u1ec6 MIPS AIR NODE TI\u00caN TI\u1ebeN<\/p>\n<p>Kudo t\u00edch h\u1ee3p h\u1ec7 th\u1ed1ng an to\u00e0n MIPS Air Node th\u1ebf h\u1ec7 m\u1edbi nh\u1ea5t, \u0111\u01b0\u1ee3c thi\u1ebft k\u1ebf li\u1ec1n v\u00e0o l\u1edbp \u0111\u1ec7m b\u00ean trong. L\u1edbp v\u1eadt li\u1ec7u si\u00eau nh\u1eb9, c\u00f3 \u0111\u1ed9 ma s\u00e1t th\u1ea5p n\u00e0y c\u00f3 kh\u1ea3 n\u0103ng h\u1ea5p th\u1ee5 v\u00e0 ph\u00e2n t\u00e1n c\u00e1c l\u1ef1c xo\u1eafn ph\u00e1t sinh khi va ch\u1ea1m, \u0111\u1ed3ng th\u1eddi v\u1eabn duy tr\u00ec ki\u1ec3u d\u00e1ng m\u1ecfng g\u1ecdn v\u00e0 d\u1ec5 d\u00e0ng th\u00e1o r\u1eddi \u0111\u1ec3 v\u1ec7 sinh.<\/p>\n<p>V\u1eeaA V\u1eb6N HO\u00c0N H\u1ea2O \u0110\u1ebeN T\u1eeaNG MILIMET<\/p>\n<p>H\u1ec7 th\u1ed1ng \u0111i\u1ec1u ch\u1ec9nh c\u1ee7a Kudo cho ph\u00e9p b\u1ea1n tinh ch\u1ec9nh \u0111\u1ebfn t\u1eebng chi ti\u1ebft v\u1edbi n\u00fam v\u1eb7n si\u00eau nh\u1ecf \u1edf ph\u00eda sau g\u00e1y, d\u1ec5 d\u00e0ng \u0111i\u1ec1u ch\u1ec9nh \u0111\u1ed9 nghi\u00eang \u0111\u1ec3 m\u0169 \u00f4m v\u1eeba v\u1eb7n khu\u00f4n m\u1eb7t v\u00e0 kh\u00f4ng g\u00e2y v\u01b0\u1edbng v\u00edu khi \u0111eo k\u00ednh. \u0110\u1eb7c bi\u1ec7t, h\u1ec7 th\u1ed1ng c\u1ed1 \u0111\u1ecbnh c\u00f2n c\u00f3 kh\u1ea3 n\u0103ng t\u00f9y ch\u1ec9nh v\u00f2ng \u0111\u1ea7u, gi\u00fap m\u0169 \u00f4m s\u00e1t theo \u0111\u00fang h\u00ecnh d\u1ea1ng \u0111\u1ea7u c\u1ee7a b\u1ea1n. D\u00e2y \u0111eo ripstop si\u00eau nh\u1eb9 quanh tai kh\u00f4ng ch\u1ec9 t\u0103ng th\u00eam s\u1ef1 tho\u1ea3i m\u00e1i m\u00e0 c\u00f2n gi\u00fap b\u1ea1n \u0111i\u1ec1u ch\u1ec9nh d\u1ec5 d\u00e0ng h\u01a1n.<\/p>\n<p>T\u1ed0I \u01afU HI\u1ec2N TH\u1eca<\/p>\n<p>Nh\u1eb1m t\u0103ng c\u01b0\u1eddng an to\u00e0n, Kudo t\u00edch h\u1ee3p th\u00eam m\u1ed9t mi\u1ebfng ph\u1ea3n quang c\u00f3 th\u1ec3 th\u00e1o r\u1eddi \u1edf ph\u00eda sau, gi\u00fap t\u0103ng kh\u1ea3 n\u0103ng nh\u1eadn di\u1ec7n. Ngo\u00e0i ra, \u0111\u00e8n h\u1eadu LED (c\u1ed5ng s\u1ea1c USB), \u0111\u01b0\u1ee3c l\u1eafp \u0111\u1eb7t t\u1ea1i c\u00f9ng v\u1ecb tr\u00ed, mang \u0111\u1ebfn nhi\u1ec1u ch\u1ebf \u0111\u1ed9 chi\u1ebfu s\u00e1ng kh\u00e1c nhau, ph\u00f9 h\u1ee3p cho c\u1ea3 ban ng\u00e0y l\u1eabn ban \u0111\u00eam.<\/p>\n<p>&nbsp;<\/p>\n<p><strong>Th\u00f4ng s\u1ed1 k\u1ef9 thu\u1eadt \/ C\u00f4ng ngh\u1ec7<\/strong><\/p>\n<ul>\n<li>Thi\u1ebft k\u1ebf h\u01b0\u1edbng \u0111\u1ebfn hi\u1ec7u su\u1ea5t v\u00e0 l\u00e0m m\u00e1t<\/li>\n<li>C\u1ea5u tr\u00fac EPS-PC \u0111\u00fac li\u1ec1n kh\u1ed1i<\/li>\n<li>C\u1ea7u gia c\u01b0\u1eddng b\u1eb1ng polymer<\/li>\n<li>L\u1ed7 th\u00f4ng gi\u00f3 tho\u00e1t kh\u00ed l\u1edbn<\/li>\n<li>Khe gi\u1eef k\u00ednh r\u00e2m<\/li>\n<li>C\u00f4ng ngh\u1ec7 b\u1ea3o v\u1ec7 \u0111\u1ea7u MIPS Air Node<\/li>\n<li>H\u1ec7 th\u1ed1ng \u0111i\u1ec1u ch\u1ec9nh k\u00edch c\u1ee1 v\u1edbi t\u00ednh n\u0103ng \u0111i\u1ec1u ch\u1ec9nh \u0111\u1ed9 nghi\u00eang v\u00e0 v\u00f2ng \u0111\u1ea7u<\/li>\n<li>T\u1ea5m ph\u1ea3n quang ph\u00eda sau c\u00f3 th\u1ec3 th\u00e1o r\u1eddi<\/li>\n<li>T\u01b0\u01a1ng th\u00edch v\u1edbi \u0111\u00e8n g\u1eafn m\u0169 b\u1ea3o hi\u1ec3m Fizik<\/li>\n<\/ul>\n<p>K\u00edch th\u01b0\u1edbc:<\/p>\n<ul>\n<li>S: 52cm-56cm (CE 270g)<\/li>\n<li>M: 56cm-59cm (CE 280g)<\/li>\n<li>L: 59cm-61cm (CE 310g)<\/li>\n<\/ul>\n<p>\u0110\u1ea1t c\u00e1c ti\u00eau chu\u1ea9n an to\u00e0n CE EN 1078:2012 ho\u1eb7c CPSC 1203.<\/p>\n","protected":false},"excerpt":{"rendered":"<p>\u0110\u00e2y l\u00e0 chi\u1ebfc m\u0169 b\u1ea3o hi\u1ec3m xe \u0111\u1ea1p \u0111a n\u0103ng hi\u1ec7u su\u1ea5t cao, chinh ph\u1ee5c m\u1ecdi \u0111\u1ecba h\u00ecnh t\u1eeb \u0111\u01b0\u1eddng tr\u01b0\u1eddng, gravel \u0111\u1ebfn XC MTB. \u0110\u1eb7c bi\u1ec7t, m\u0169 \u0111\u01b0\u1ee3c trang b\u1ecb h\u1ec7 th\u1ed1ng MIPS Air Node ti\u00ean ti\u1ebfn, t\u0103ng c\u01b0\u1eddng b\u1ea3o v\u1ec7 t\u1ed1i \u0111a, t\u00edch h\u1ee3p \u0111\u00e8n h\u1eadu, n\u00e2ng cao an to\u00e0n cho b\u1ea1n tr\u00ean m\u1ecdi cung \u0111\u01b0\u1eddng.<\/p>\n","protected":false},"featured_media":4880,"comment_status":"closed","ping_status":"closed","template":"","meta":[],"product_cat":[73],"product_tag":[],"class_list":["post-4879","product","type-product","status-publish","has-post-thumbnail","hentry","product_cat-mu-bao-hiem"],"_links":{"self":[{"href":"https:\/\/xedopcom719.mbws.vn\/en\/wp-json\/wp\/v2\/product\/4879","targetHints":{"allow":["GET"]}}],"collection":[{"href":"https:\/\/xedopcom719.mbws.vn\/en\/wp-json\/wp\/v2\/product"}],"about":[{"href":"https:\/\/xedopcom719.mbws.vn\/en\/wp-json\/wp\/v2\/types\/product"}],"replies":[{"embeddable":true,"href":"https:\/\/xedopcom719.mbws.vn\/en\/wp-json\/wp\/v2\/comments?post=4879"}],"version-history":[{"count":1,"href":"https:\/\/xedopcom719.mbws.vn\/en\/wp-json\/wp\/v2\/product\/4879\/revisions"}],"predecessor-version":[{"id":4894,"href":"https:\/\/xedopcom719.mbws.vn\/en\/wp-json\/wp\/v2\/product\/4879\/revisions\/4894"}],"wp:featuredmedia":[{"embeddable":true,"href":"https:\/\/xedopcom719.mbws.vn\/en\/wp-json\/wp\/v2\/media\/4880"}],"wp:attachment":[{"href":"https:\/\/xedopcom719.mbws.vn\/en\/wp-json\/wp\/v2\/media?parent=4879"}],"wp:term":[{"taxonomy":"product_cat","embeddable":true,"href":"https:\/\/xedopcom719.mbws.vn\/en\/wp-json\/wp\/v2\/product_cat?post=4879"},{"taxonomy":"product_tag","embeddable":true,"href":"https:\/\/xedopcom719.mbws.vn\/en\/wp-json\/wp\/v2\/product_tag?post=4879"}],"curies":[{"name":"wp","href":"https:\/\/api.w.org\/{rel}","templated":true}]}}