{"id":4756,"date":"2025-06-09T08:57:04","date_gmt":"2025-06-09T01:57:04","guid":{"rendered":"https:\/\/xedop.com\/?post_type=product&#038;p=4756"},"modified":"2025-06-09T08:57:04","modified_gmt":"2025-06-09T01:57:04","slug":"mu-bao-hiem-bell-4forty-mips","status":"publish","type":"product","link":"https:\/\/xedopcom719.mbws.vn\/en\/san-pham\/mu-bao-hiem-bell-4forty-mips\/","title":{"rendered":"M\u0169 b\u1ea3o hi\u1ec3m Bell 4FORTY MIPS"},"content":{"rendered":"<p>\/ TH\u00d4NG S\u1ed0 K\u1ef8 THU\u1eacT<\/p>\n<ul>\n<li>Tr\u1ecdng l\u01b0\u1ee3ng: 338 Grams<\/li>\n<li>L\u1ed7 tho\u00e1ng kh\u00ed: 15<\/li>\n<li>Ch\u1ee9ng nh\u1eadn: CE EN1078CPSC Bicycle<\/li>\n<\/ul>\n<p>&nbsp;<\/p>\n<p>\/ T\u00cdNH N\u0102NG<\/p>\n<ul>\n<li>Trang b\u1ecb c\u00f4ng gh\u1ec7 Float Fit\u2122<\/li>\n<li>K\u1ebft c\u1ea5u v\u1ecf Fusion In-Mold t\u1eeb ch\u1ea5t li\u1ec7u Polycarbonate<\/li>\n<li>H\u1ec7 th\u1ed1ng \u0111i\u1ec1u ch\u1ec9nh mi\u1ebfng l\u01b0\u1ee1i trai Goggleguide\u2122 &#8211; t\u01b0\u01a1ng th\u00edch g\u1eafn k\u00ednh b\u1ea3o v\u1ec7<\/li>\n<li>D\u00e2y \u0111ai ch\u1ed1ng r\u1ed1i Tri-Glides\u2122<\/li>\n<li>T\u1ea5m \u0111\u1ec7m Sweat Guide\u2122 ki\u1ec3m so\u00e1t m\u1ed3 h\u00f4i hi\u1ec7u qu\u1ea3<\/li>\n<li>Phi\u00ean b\u1ea3n MIPS &#8211; h\u1ec7 th\u1ed1ng b\u1ea3o v\u1ec7 t\u00e1c \u0111\u1ed9ng \u0111a chi\u1ec1u<\/li>\n<\/ul>\n","protected":false},"excerpt":{"rendered":"<p>Khi \u0111\u1ebfn v\u1edbi b\u00f4 m\u00f4n xe \u0111\u1ea1p leo n\u00fai, y\u00eau c\u1ea7u c\u1ee7a b\u1ea1n cho m\u1ed9t thi\u1ebft b\u1ecb ng\u00e0y c\u00e0ng cao? 4Forty \u0111\u01b0\u1ee3c thi\u1ebft k\u1ebf gi\u00fap kh\u1eafc ph\u1ee5c nh\u1eefng \u0111i\u1ec3m b\u1ea1n hay g\u1eb7p khi \u0111\u1ea1p xe; s\u1ef1 tho\u00e1ng kh\u00ed v\u01b0\u1ee3t tr\u1ed9i, s\u1ef1 tho\u1ea3i m\u00e1i c\u1ee7a c\u00f4ng ngh\u1ec7 Float Fit v\u00e0 c\u01a1 ch\u1ebf ki\u1ec3m so\u00e1t m\u1ed3 h\u00f4i hi\u1ec7u qu\u1ea3 c\u1ee7a Sweat Guide; ph\u1ea7n sau M\u0169 \u0111\u01b0\u1ee3c m\u1edf r\u1ed9ng gi\u00fap b\u1ea3o v\u1ec7 t\u1ed1t h\u01a1n c\u00f9ng l\u1edbp v\u1ecf c\u1ee9ng ch\u1eafc to\u00e0n di\u1ec7n, mi\u1ebfng l\u01b0\u1ee1i trai c\u00f3 th\u1ec3 \u0111i\u1ec1u ch\u1ec9nh g\u00f3c \u0111\u1ed9 ph\u00f9 h\u1ee3p.<\/p>\n","protected":false},"featured_media":4757,"comment_status":"closed","ping_status":"closed","template":"","meta":[],"product_cat":[73],"product_tag":[],"class_list":["post-4756","product","type-product","status-publish","has-post-thumbnail","hentry","product_cat-mu-bao-hiem"],"_links":{"self":[{"href":"https:\/\/xedopcom719.mbws.vn\/en\/wp-json\/wp\/v2\/product\/4756","targetHints":{"allow":["GET"]}}],"collection":[{"href":"https:\/\/xedopcom719.mbws.vn\/en\/wp-json\/wp\/v2\/product"}],"about":[{"href":"https:\/\/xedopcom719.mbws.vn\/en\/wp-json\/wp\/v2\/types\/product"}],"replies":[{"embeddable":true,"href":"https:\/\/xedopcom719.mbws.vn\/en\/wp-json\/wp\/v2\/comments?post=4756"}],"version-history":[{"count":1,"href":"https:\/\/xedopcom719.mbws.vn\/en\/wp-json\/wp\/v2\/product\/4756\/revisions"}],"predecessor-version":[{"id":4763,"href":"https:\/\/xedopcom719.mbws.vn\/en\/wp-json\/wp\/v2\/product\/4756\/revisions\/4763"}],"wp:featuredmedia":[{"embeddable":true,"href":"https:\/\/xedopcom719.mbws.vn\/en\/wp-json\/wp\/v2\/media\/4757"}],"wp:attachment":[{"href":"https:\/\/xedopcom719.mbws.vn\/en\/wp-json\/wp\/v2\/media?parent=4756"}],"wp:term":[{"taxonomy":"product_cat","embeddable":true,"href":"https:\/\/xedopcom719.mbws.vn\/en\/wp-json\/wp\/v2\/product_cat?post=4756"},{"taxonomy":"product_tag","embeddable":true,"href":"https:\/\/xedopcom719.mbws.vn\/en\/wp-json\/wp\/v2\/product_tag?post=4756"}],"curies":[{"name":"wp","href":"https:\/\/api.w.org\/{rel}","templated":true}]}}