{"id":4312,"date":"2025-06-08T10:40:47","date_gmt":"2025-06-08T03:40:47","guid":{"rendered":"https:\/\/xedop.com\/?post_type=product&#038;p=4312"},"modified":"2026-04-02T18:08:19","modified_gmt":"2026-04-02T11:08:19","slug":"bom-san-giyo-gf-55e-160psi-than-thep-van-thong-minh","status":"publish","type":"product","link":"https:\/\/xedopcom719.mbws.vn\/en\/san-pham\/bom-san-giyo-gf-55e-160psi-than-thep-van-thong-minh\/","title":{"rendered":"B\u01a1m s\u00e0n Steel Floor Pump Giyo GF-55E 160psi th\u00e2n th\u00e9p, van th\u00f4ng minh"},"content":{"rendered":"<p>Th\u01b0\u01a1ng hi\u1ec7u Giyo<\/p>\n<p>Lo\u1ea1i b\u01a1m: b\u01a1m s\u00e0n<\/p>\n<p>\u0110\u1ea7u b\u01a1m ECV<\/p>\n<p>Van th\u00f4ng minh m\u1edbi cho van g\u1ea1o v\u00e0 van c\u1ed1i (Presta and Schrader)<\/p>\n<p>Th\u00e2n th\u00e9p b\u1ec1n<\/p>\n<p>\u0110\u1ed3ng h\u1ed3 \u0111o g\u1eafn cao<\/p>\n<p>Chi\u1ec1u cao 24&#8243;<\/p>\n<p>\u00c1p su\u1ea5t t\u1ed1i \u0111a 160 psi<\/p>\n","protected":false},"excerpt":{"rendered":"<p>Th\u01b0\u01a1ng hi\u1ec7u Giyo Lo\u1ea1i b\u01a1m: b\u01a1m s\u00e0n \u0110\u1ea7u b\u01a1m ECV Van th\u00f4ng minh m\u1edbi cho van g\u1ea1o v\u00e0 van c\u1ed1i (Presta and Schrader) Th\u00e2n th\u00e9p b\u1ec1n<span class=\"excerpt-hellip\"> [\u2026]<\/span><\/p>\n","protected":false},"featured_media":4313,"comment_status":"closed","ping_status":"closed","template":"","meta":[],"product_cat":[79],"product_tag":[],"class_list":["post-4312","product","type-product","status-publish","has-post-thumbnail","hentry","product_cat-bom"],"_links":{"self":[{"href":"https:\/\/xedopcom719.mbws.vn\/en\/wp-json\/wp\/v2\/product\/4312","targetHints":{"allow":["GET"]}}],"collection":[{"href":"https:\/\/xedopcom719.mbws.vn\/en\/wp-json\/wp\/v2\/product"}],"about":[{"href":"https:\/\/xedopcom719.mbws.vn\/en\/wp-json\/wp\/v2\/types\/product"}],"replies":[{"embeddable":true,"href":"https:\/\/xedopcom719.mbws.vn\/en\/wp-json\/wp\/v2\/comments?post=4312"}],"version-history":[{"count":2,"href":"https:\/\/xedopcom719.mbws.vn\/en\/wp-json\/wp\/v2\/product\/4312\/revisions"}],"predecessor-version":[{"id":12158,"href":"https:\/\/xedopcom719.mbws.vn\/en\/wp-json\/wp\/v2\/product\/4312\/revisions\/12158"}],"wp:featuredmedia":[{"embeddable":true,"href":"https:\/\/xedopcom719.mbws.vn\/en\/wp-json\/wp\/v2\/media\/4313"}],"wp:attachment":[{"href":"https:\/\/xedopcom719.mbws.vn\/en\/wp-json\/wp\/v2\/media?parent=4312"}],"wp:term":[{"taxonomy":"product_cat","embeddable":true,"href":"https:\/\/xedopcom719.mbws.vn\/en\/wp-json\/wp\/v2\/product_cat?post=4312"},{"taxonomy":"product_tag","embeddable":true,"href":"https:\/\/xedopcom719.mbws.vn\/en\/wp-json\/wp\/v2\/product_tag?post=4312"}],"curies":[{"name":"wp","href":"https:\/\/api.w.org\/{rel}","templated":true}]}}