{"id":3906,"date":"2025-06-07T15:20:39","date_gmt":"2025-06-07T08:20:39","guid":{"rendered":"https:\/\/xedop.com\/?post_type=product&#038;p=3906"},"modified":"2025-07-11T16:28:47","modified_gmt":"2025-07-11T09:28:47","slug":"edge-1050-premium-cycling-computer","status":"publish","type":"product","link":"https:\/\/xedopcom719.mbws.vn\/en\/san-pham\/edge-1050-premium-cycling-computer\/","title":{"rendered":"Edge 1050 Premium Cycling Computer"},"content":{"rendered":"<div><img decoding=\"async\" class=\"app__feature__card__image\" src=\"https:\/\/xedop.com\/wp-content\/uploads\/2025\/06\/edge-1050-premium-cycling-computer-3906.jpg\" alt=\"\" \/><\/p>\n<p><span>M\u00c0N H\u00ccNH M\u00c0U S\u1eaeC S\u1ed0NG \u0110\u1ed8NG HI\u1ec2N TH\u1eca B\u1ea2N \u0110\u1ed2 V\u00c0 S\u1ed0 LI\u1ec6U TH\u1ed0NG K\u00ca V\u1edaI CHI TI\u1ebeT \u0110\u1eb8P M\u1eaeT<\/span><\/p>\n<\/div>\n<div><img decoding=\"async\" class=\"app__feature__card__image\" src=\"https:\/\/xedop.com\/wp-content\/uploads\/2025\/06\/edge-1050-premium-cycling-computer-3906-1.jpg\" alt=\"\" \/><\/p>\n<p><span>TH\u1edcI L\u01af\u1ee2NG PIN L\u00caN \u0110\u1ebeN 20 GI\u1edc TRONG NH\u1eeeNG TR\u01af\u1edcNG H\u1ee2P S\u1eec D\u1ee4NG C\u1ea6N THI\u1ebeT<\/span><\/p>\n<\/div>\n<div><img decoding=\"async\" class=\"app__feature__card__image\" src=\"https:\/\/xedop.com\/wp-content\/uploads\/2025\/06\/edge-1050-premium-cycling-computer-3906-2.jpg\" alt=\"\" \/><\/p>\n<p><span>NH\u1eacN C\u1ea2NH B\u00c1O NGUY HI\u1ec2M TR\u00caN \u0110\u01af\u1edcNG &#8230; B\u00c1O C\u00c1O C\u1ee6A NH\u1eeeNG NG\u01af\u1edcI \u0110I XE \u0110\u1ea0P\u00a0<\/span><sup><span>1<\/span><\/sup><\/p>\n<\/div>\n<div><img decoding=\"async\" class=\"app__feature__card__image\" src=\"https:\/\/xedop.com\/wp-content\/uploads\/2025\/06\/edge-1050-premium-cycling-computer-3906-3.jpg\" alt=\"\" \/><\/p>\n<p><span>T\u1ea0O C\u00c1C KH\u00d3A H\u1eccC TR\u00caN THI\u1ebeT B\u1eca V\u00c0 XEM LO\u1ea0I M\u1eb6T \u0110\u01af\u1edcNG TR\u00caN B\u1ea2N \u0110\u1ed2<\/span><\/p>\n<\/div>\n<div><img decoding=\"async\" class=\"app__feature__card__image\" src=\"https:\/\/xedop.com\/wp-content\/uploads\/2025\/06\/edge-1050-premium-cycling-computer-3906-4.jpg\" alt=\"\" \/><\/p>\n<p><span>C\u1ea2NH B\u00c1O NG\u01af\u1edcI \u0110I XE \u0110\u1ea0P V\u00c0 NG\u01af\u1edcI \u0110I B\u1ed8 B\u1eb0NG CHU\u00d4NG XE \u0110\u1ea0P TR\u00caN THI\u1ebeT B\u1eca<\/span><\/p>\n<\/div>\n<div><img decoding=\"async\" class=\"app__feature__card__image\" src=\"https:\/\/xedop.com\/wp-content\/uploads\/2025\/06\/edge-1050-premium-cycling-computer-3906-5.jpg\" alt=\"\" \/><\/p>\n<p><span>LU\u00d4N K\u1ebeT N\u1ed0I V\u00c0 C\u1ea0NH TRANH V\u1edaI T\u00cdNH N\u0102NG GROUPRIDE<\/span><\/p>\n<\/p>\n<\/div>\n<div>\n<div><img decoding=\"async\" class=\"app__feature__card__image\" src=\"https:\/\/xedop.com\/wp-content\/uploads\/2025\/06\/edge-1050-premium-cycling-computer-3906-6.jpg\" alt=\"\" \/><\/p>\n<h3><span>HI\u1ec2N TH\u1eca M\u00c0U S\u1eaeC S\u1ed0NG \u0110\u1ed8NG<\/span><\/h3>\n<p><span>Xem s\u1ed1 li\u1ec7u th\u1ed1ng k\u00ea v\u00e0 b\u1ea3n \u0111\u1ed3 c\u1ee7a b\u1ea1n chi ti\u1ebft h\u01a1n bao gi\u1edd h\u1ebft v\u1edbi m\u00e0n h\u00ecnh c\u1ea3m \u1ee9ng m\u00e0u s\u1eafc s\u1ed1ng \u0111\u1ed9ng v\u00e0 c\u00e1ch th\u1ee9c m\u1edbi \u0111\u1ec3 xem d\u1eef li\u1ec7u.<\/span><\/p>\n<\/div>\n<div><img decoding=\"async\" class=\"app__feature__card__image\" src=\"https:\/\/xedop.com\/wp-content\/uploads\/2025\/06\/edge-1050-premium-cycling-computer-3906-7.jpg\" alt=\"\" \/><\/p>\n<h3><span>PIN S\u1eb4N S\u00c0NG CHO CHUY\u1ebeN \u0110I<\/span><\/h3>\n<p><span>Trong nh\u1eefng tr\u01b0\u1eddng h\u1ee3p s\u1eed d\u1ee5ng kh\u1eaft khe, th\u1eddi l\u01b0\u1ee3ng pin c\u00f3 th\u1ec3 l\u00ean t\u1edbi 20 gi\u1edd ho\u1eb7c l\u00ean t\u1edbi 60 gi\u1edd \u1edf ch\u1ebf \u0111\u1ed9 ti\u1ebft ki\u1ec7m pin.<\/span><\/p>\n<\/div>\n<div><img decoding=\"async\" class=\"app__feature__card__image\" src=\"https:\/\/xedop.com\/wp-content\/uploads\/2025\/06\/edge-1050-premium-cycling-computer-3906-8.jpg\" alt=\"\" \/><\/p>\n<h3><span>C\u1ea2NH B\u00c1O NGUY HI\u1ec2M TR\u00caN \u0110\u01af\u1edcNG B\u1ed8<\/span><\/h3>\n<p><span>Nh\u1eadn c\u1ea3nh b\u00e1o v\u1ec1 c\u00e1c m\u1ed1i nguy hi\u1ec3m tr\u00ean \u0111\u01b0\u1eddng do nh\u1eefng ng\u01b0\u1eddi \u0111i xe \u0111\u1ea1p kh\u00e1c b\u00e1o c\u00e1o v\u00e0 \u0111\u00f3ng g\u00f3p n\u1ed9i dung ch\u1ec9nh s\u1eeda c\u1ee7a ri\u00eang b\u1ea1n\u00a0<\/span><sup><span>1<\/span><\/sup><span>\u00a0.<\/span><\/p>\n<\/div>\n<\/div>\n<div>\n<div><img decoding=\"async\" class=\"app__feature__card__image\" src=\"https:\/\/xedop.com\/wp-content\/uploads\/2025\/06\/edge-1050-premium-cycling-computer-3906-9.jpg\" alt=\"\" \/><\/p>\n<h3><span>CHUY\u1ebeN \u0110I NH\u00d3M<\/span><\/h3>\n<p><span>Gi\u1eef k\u1ebft n\u1ed1i trong c\u00e1c chuy\u1ebfn \u0111i nh\u00f3m\u00a0<\/span><sup><span>1<\/span><\/sup><span>\u00a0v\u1edbi t\u00ednh n\u0103ng nh\u1eafn tin trong chuy\u1ebfn \u0111i, v\u1ecb tr\u00ed tr\u1ef1c ti\u1ebfp v\u00e0 c\u1ea3nh b\u00e1o ph\u00e1t hi\u1ec7n s\u1ef1 c\u1ed1\u00a0<\/span><sup><span>2<\/span><\/sup><span>\u00a0; c\u1ed9ng th\u00eam t\u00ednh n\u0103ng vui v\u1ebb v\u00e0 c\u1ea1nh tranh v\u1edbi b\u1ea3ng x\u1ebfp h\u1ea1ng trong chuy\u1ebfn \u0111i d\u00e0nh cho c\u00e1c l\u1ea7n leo n\u00fai v\u00e0 gi\u1ea3i th\u01b0\u1edfng sau chuy\u1ebfn \u0111i.<\/span><\/p>\n<\/div>\n<div><img decoding=\"async\" class=\"app__feature__card__image\" src=\"https:\/\/xedop.com\/wp-content\/uploads\/2025\/06\/edge-1050-premium-cycling-computer-3906-10.jpg\" alt=\"\" \/><\/p>\n<h3><span>HU\u1ea4N LUY\u1ec6N VI\u00caN GARMIN<\/span><\/h3>\n<p><span>Luy\u1ec7n t\u1eadp cho m\u1ed9t s\u1ef1 ki\u1ec7n, \u0111\u1ea1t \u0111\u01b0\u1ee3c c\u1ed9t m\u1ed1c n\u00e0o \u0111\u00f3 ho\u1eb7c c\u1ea3i thi\u1ec7n th\u1ec3 l\u1ef1c c\u1ee7a b\u1ea1n v\u1edbi\u00a0<\/span><span>c\u00e1c ch\u01b0\u01a1ng tr\u00ecnh luy\u1ec7n t\u1eadp c\u1ee7a Garmin Coach<\/span><span>\u00a0d\u00e0nh cho ng\u01b0\u1eddi \u0111i xe \u0111\u1ea1p.<\/span><\/p>\n<\/div>\n<div><img decoding=\"async\" class=\"app__feature__card__image\" src=\"https:\/\/xedop.com\/wp-content\/uploads\/2025\/06\/edge-1050-premium-cycling-computer-3906-11.jpg\" alt=\"\" \/><\/p>\n<h3><span>LOA T\u00cdCH H\u1ee2P<\/span><\/h3>\n<p><span>Nghe l\u1eddi nh\u1eafc nh\u1edf b\u1eb1ng l\u1eddi v\u1ec1 t\u1eadp luy\u1ec7n v\u00e0 d\u1eabn \u0111\u01b0\u1eddng, \u0111\u1ed3ng th\u1eddi c\u1ea3nh b\u00e1o ng\u01b0\u1eddi \u0111i xe \u0111\u1ea1p v\u00e0 ng\u01b0\u1eddi \u0111i b\u1ed9 ph\u00eda tr\u01b0\u1edbc b\u1ea1n b\u1eb1ng ti\u1ebfng chu\u00f4ng xe \u0111\u1ea1p l\u1edbn tr\u00ean thi\u1ebft b\u1ecb.<\/span><\/p>\n<\/div>\n<\/div>\n<h1>\u00a0<span>LUY\u1ec6N T\u1eacP TH\u00d4NG MINH H\u01a0N BAO GI\u1edc H\u1ebeT<\/span><\/h1>\n<p>&nbsp;<\/p>\n<div>\n<div>\n<h2><span>CHU\u1ea8N B\u1eca<\/span><\/h2>\n<\/div>\n<div>\n<hr class=\"app__line-divider__horizontalRule app__line-divider__horizontalRule--center\" data-v-2b6f8b64=\"\" \/>\n<\/div>\n<div>\n<div><img decoding=\"async\" class=\"app__feature__card__image\" src=\"https:\/\/xedop.com\/wp-content\/uploads\/2025\/06\/edge-1050-premium-cycling-computer-3906-12.jpg\" alt=\"\" \/><\/p>\n<h3><span>T\u00ccNH TR\u1ea0NG \u0110\u00c0O T\u1ea0O<\/span><\/h3>\n<p><span>\u0110\u00e1nh gi\u00e1 c\u00e1c ch\u1ec9 s\u1ed1 hi\u1ec7u su\u1ea5t c\u1ee7a b\u1ea1n \u0111\u1ec3 xem li\u1ec7u b\u1ea1n c\u00f3 \u0111ang\u00a0<\/span><span>luy\u1ec7n t\u1eadp<\/span><span>\u00a0hi\u1ec7u qu\u1ea3 hay kh\u00f4ng\u00a0<\/span><sup><span>3<\/span><\/sup><span>\u00a0.<\/span><\/p>\n<\/div>\n<div><img decoding=\"async\" class=\"app__feature__card__image\" src=\"https:\/\/xedop.com\/wp-content\/uploads\/2025\/06\/edge-1050-premium-cycling-computer-3906-13.jpg\" alt=\"\" \/><\/p>\n<h3><span>S\u1ef0 TH\u00cdCH NGHI V\u1edaI NHI\u1ec6T \u0110\u1ed8 V\u00c0 \u0110\u1ed8 CAO<\/span><\/h3>\n<p><span>Xem c\u01a1 th\u1ec3 b\u1ea1n th\u00edch nghi v\u1edbi nhi\u1ec7t \u0111\u1ed9 v\u00e0 \u0111\u1ed9 cao nh\u01b0 th\u1ebf n\u00e0o\u00a0<\/span><sup><span>3<\/span><\/sup><span>\u00a0.<\/span><\/p>\n<\/div>\n<div><img decoding=\"async\" class=\"app__feature__card__image\" src=\"https:\/\/xedop.com\/wp-content\/uploads\/2025\/06\/edge-1050-premium-cycling-computer-3906-14.jpg\" alt=\"\" \/><\/p>\n<h3><span>KH\u1ea2 N\u0102NG \u0110\u1ea0P XE V\u00c0 NHU C\u1ea6U C\u1ee6A KH\u00d3A \u0110UA<\/span><\/h3>\n<p><span>So s\u00e1nh\u00a0<\/span><span>kh\u1ea3 n\u0103ng \u0111\u1ea1p xe<\/span><span>\u00a0c\u1ee7a b\u1ea1n v\u1edbi y\u00eau c\u1ea7u c\u1ee7a m\u1ed9t kh\u00f3a h\u1ecdc c\u1ee5 th\u1ec3 v\u00e0 t\u1eadp trung luy\u1ec7n t\u1eadp v\u00e0o \u0111\u00fang l\u0129nh v\u1ef1c\u00a0<\/span><sup><span>3<\/span><\/sup><span>\u00a0.<\/span><\/p>\n<\/div>\n<div><img decoding=\"async\" class=\"app__feature__card__image\" src=\"https:\/\/xedop.com\/wp-content\/uploads\/2025\/06\/edge-1050-premium-cycling-computer-3906-15.jpg\" alt=\"\" \/><\/p>\n<h3><span>B\u00c0I T\u1eacP \u0110\u01af\u1ee2C G\u1ee2I \u00dd H\u00c0NG NG\u00c0Y<\/span><\/h3>\n<p><span>\u0110\u1ec3 \u0111\u01b0\u1ee3c h\u01b0\u1edbng d\u1eabn luy\u1ec7n t\u1eadp ph\u00f9 h\u1ee3p v\u1edbi b\u1ea1n v\u00e0 m\u1ee9c \u0111\u1ed9 th\u1ec3 l\u1ef1c c\u1ee7a b\u1ea1n, h\u00e3y nh\u1eadn\u00a0<\/span><span>g\u1ee3i \u00fd v\u1ec1 vi\u1ec7c t\u1eadp luy\u1ec7n h\u00e0ng ng\u00e0y<\/span><span>\u00a0d\u1ef1a tr\u00ean\u00a0<\/span><span>kh\u1ed1i l\u01b0\u1ee3ng luy\u1ec7n t\u1eadp<\/span><span>\u00a0hi\u1ec7n t\u1ea1i v\u00e0 VO2 max c\u1ee7a b\u1ea1n.<\/span><\/p>\n<\/div>\n<div><img decoding=\"async\" class=\"app__feature__card__image\" src=\"https:\/\/xedop.com\/wp-content\/uploads\/2025\/06\/edge-1050-premium-cycling-computer-3906-16.jpg\" alt=\"\" \/><\/p>\n<h3><span>TR\u00ccNH T\u1ea0O KH\u00d3A H\u1eccC TR\u00caN THI\u1ebeT B\u1eca<\/span><\/h3>\n<p><span>D\u1ec5 d\u00e0ng t\u1ea1o l\u1ed9 tr\u00ecnh ngay tr\u00ean thi\u1ebft b\u1ecb b\u1eb1ng c\u00e1ch s\u1eed d\u1ee5ng m\u00e0n h\u00ecnh c\u1ea3m \u1ee9ng ph\u1ea3n h\u1ed3i v\u00e0 xem lo\u1ea1i m\u1eb7t \u0111\u01b0\u1eddng tr\u00ean b\u1ea3n \u0111\u1ed3 \u0111\u1ec3 bi\u1ebft r\u00f5 h\u01a1n khi l\u1eadp k\u1ebf ho\u1ea1ch v\u00e0 l\u00e1i xe.<\/span><\/p>\n<\/div>\n<\/div>\n<div>\n<div><img decoding=\"async\" class=\"app__feature__card__image\" src=\"https:\/\/xedop.com\/wp-content\/uploads\/2025\/06\/edge-1050-premium-cycling-computer-3906-17.jpg\" alt=\"\" \/><\/p>\n<h3><span>L\u1ed8 TR\u00ccNH CHUY\u1ebeN \u0110I C\u1ee4 TH\u1ec2<\/span><\/h3>\n<p><span>T\u00ecm l\u1ed9 tr\u00ecnh ph\u00f9 h\u1ee3p v\u1edbi chuy\u1ebfn \u0111i c\u1ee7a b\u1ea1n, d\u00f9 b\u1ea1n \u0111ang \u0111i tr\u00ean n\u00fai, \u0111\u01b0\u1eddng s\u1ecfi hay \u0111\u01b0\u1eddng b\u1ed9.<\/span><\/p>\n<\/div>\n<div><img decoding=\"async\" class=\"app__feature__card__image\" src=\"https:\/\/xedop.com\/wp-content\/uploads\/2025\/06\/edge-1050-premium-cycling-computer-3906-18.jpg\" alt=\"\" \/><\/p>\n<h3><span>TRENDLINE\u00a0<\/span><sup><span>\u2122<\/span><\/sup><span>\u00a0L\u1ed8 TR\u00ccNH PH\u1ed4 BI\u1ebeN<\/span><\/h3>\n<p><span>Thi\u1ebft b\u1ecb Edge c\u1ee7a b\u1ea1n s\u1ebd t\u00ecm ra l\u1ed9 tr\u00ecnh t\u1ed1t nh\u1ea5t \u2014 ch\u1ecdn t\u1eeb nh\u1eefng con \u0111\u01b0\u1eddng (v\u00e0 \u0111\u01b0\u1eddng m\u00f2n) m\u00e0 nh\u1eefng ng\u01b0\u1eddi \u0111i xe \u0111\u1ea1p Garmin kh\u00e1c th\u01b0\u1eddng \u0111i nh\u1ea5t.<\/span><\/p>\n<\/div>\n<div><img decoding=\"async\" class=\"app__feature__card__image\" src=\"https:\/\/xedop.com\/wp-content\/uploads\/2025\/06\/edge-1050-premium-cycling-computer-3906-19.jpg\" alt=\"\" \/><\/p>\n<h3><span>B\u1ea2N \u0110\u1ed2 \u0110\u1ea0P XE GARMIN<\/span><\/h3>\n<p><span>\u0110i xe v\u1edbi b\u1ea3n \u0111\u1ed3 \u0111\u01b0\u1ee3c t\u1ea3i s\u1eb5n bao g\u1ed3m d\u1eef li\u1ec7u \u0111\u01b0\u1eddng m\u00f2n MTB tr\u00ean to\u00e0n th\u1ebf gi\u1edbi t\u1eeb Trailforks.<\/span><\/p>\n<\/div>\n<div><img decoding=\"async\" class=\"app__feature__card__image\" src=\"https:\/\/xedop.com\/wp-content\/uploads\/2025\/06\/edge-1050-premium-cycling-computer-3906-20.jpg\" alt=\"\" \/><\/p>\n<h3><span>QU\u1ea2N L\u00dd B\u1ea2N \u0110\u1ed2 C\u00d3 K\u1ebeT N\u1ed0I\u00a0WI-FI\u00a0<\/span><sup><span>\u00ae<\/span><\/sup><\/h3>\n<p><span>Th\u00eam, ho\u00e1n \u0111\u1ed5i ho\u1eb7c c\u1eadp nh\u1eadt b\u1ea3n \u0111\u1ed3 qua Wi-Fi tr\u00ean thi\u1ebft b\u1ecb c\u1ee7a b\u1ea1n.<\/span><\/p>\n<\/div>\n<div><\/div>\n<\/div>\n<\/div>\n<div>\n<div>\n<h2><span>\u0110\u00c0O T\u1ea0O V\u00c0 TH\u1ef0C HI\u1ec6N<\/span><\/h2>\n<\/div>\n<div>\n<hr class=\"app__line-divider__horizontalRule app__line-divider__horizontalRule--center\" data-v-2b6f8b64=\"\" \/>\n<\/div>\n<div>\n<div><img decoding=\"async\" class=\"app__feature__card__image\" src=\"https:\/\/xedop.com\/wp-content\/uploads\/2025\/06\/edge-1050-premium-cycling-computer-3906-21.jpg\" alt=\"\" \/><\/p>\n<h3><span>TH\u00d4NG TIN CHI TI\u1ebeT V\u1ec0 S\u1ee8C B\u1ec0N THEO TH\u1edcI GIAN TH\u1ef0C<\/span><\/h3>\n<p><span>Trong khi l\u00e1i xe, h\u00e3y xem\u00a0<\/span><span>th\u00f4ng tin chi ti\u1ebft v\u1ec1 s\u1ee9c b\u1ec1n\u00a0<\/span><sup><span>3<\/span><\/sup><span>\u00a0\u0111\u1ec3 b\u1ea1n c\u00f3 th\u1ec3 theo d\u00f5i l\u01b0\u1ee3ng n\u0103ng l\u01b0\u1ee3ng c\u00f2n l\u1ea1i trong b\u00ecnh.<\/span><\/p>\n<\/div>\n<div><img decoding=\"async\" class=\"app__feature__card__image\" src=\"https:\/\/xedop.com\/wp-content\/uploads\/2025\/06\/edge-1050-premium-cycling-computer-3906-22.jpg\" alt=\"\" \/><\/p>\n<h3><span>H\u01af\u1edaNG D\u1eaaN S\u1ee8C M\u1ea0NH<\/span><\/h3>\n<p><span>Qu\u1ea3n l\u00fd n\u1ed7 l\u1ef1c c\u1ee7a b\u1ea1n v\u1edbi c\u00e1c m\u1ee5c ti\u00eau s\u1ee9c m\u1ea1nh \u0111\u01b0\u1ee3c \u0111\u1ec1 xu\u1ea5t trong su\u1ed1t kh\u00f3a h\u1ecdc. V\u00e0 t\u00ednh n\u0103ng h\u01b0\u1edbng d\u1eabn s\u1ee9c m\u1ea1nh hi\u1ec7n k\u1ebft h\u1ee3p s\u1ee9c b\u1ec1n v\u00e0 gi\u00f3 theo th\u1eddi gian th\u1ef1c \u0111\u1ec3 \u0111i\u1ec1u ch\u1ec9nh m\u1ee5c ti\u00eau c\u1ee7a b\u1ea1n trong khi b\u1ea1n \u0111\u1ea1p xe\u00a0<\/span><sup><span>3<\/span><\/sup><span>\u00a0.<\/span><\/p>\n<\/div>\n<div><img decoding=\"async\" class=\"app__feature__card__image\" src=\"https:\/\/xedop.com\/wp-content\/uploads\/2025\/06\/edge-1050-premium-cycling-computer-3906-23.jpg\" alt=\"\" \/><\/p>\n<h3><span>K\u1ebe HO\u1ea0CH L\u00caN CAO CLIMBPRO<\/span><\/h3>\n<p><span>Xem\u00a0<\/span><span>\u0111\u1ed9 d\u1ed1c v\u00e0 \u0111\u1ed9 d\u1ed1c c\u00f2n l\u1ea1i<\/span><span>\u00a0khi leo d\u1ed1c \u1edf m\u1ed7i ch\u1eb7ng \u0111\u1ec3 b\u1ea1n c\u00f3 th\u1ec3 \u0111\u00e1nh gi\u00e1 n\u1ed7 l\u1ef1c c\u1ee7a m\u00ecnh v\u00e0 xem c\u00e1c ch\u1eb7ng leo d\u1ed1c g\u1ea7n \u0111\u00f3 tr\u00ean b\u1ea3n \u0111\u1ed3.<\/span><\/p>\n<\/div>\n<div><img decoding=\"async\" class=\"app__feature__card__image\" src=\"https:\/\/xedop.com\/wp-content\/uploads\/2025\/06\/edge-1050-premium-cycling-computer-3906-24.jpg\" alt=\"\" \/><\/p>\n<h3><span>\u0110\u1ed8NG L\u1ef0C \u0110\u1ea0P XE<\/span><\/h3>\n<p><span>C\u00e1c s\u1ed1 li\u1ec7u \u0111\u1ea1p xe n\u00e2ng cao<\/span><span>\u00a0cung c\u1ea5p th\u00f4ng tin chi ti\u1ebft v\u1ec1 hi\u1ec7u su\u1ea5t t\u1eeb \u200b\u200bc\u00e1c \u0111i\u1ec1u ki\u1ec7n thay \u0111\u1ed5i\u00a0<\/span><sup><span>3<\/span><\/sup><span>\u00a0.<\/span><\/p>\n<\/div>\n<div><img decoding=\"async\" class=\"app__feature__card__image\" src=\"https:\/\/xedop.com\/wp-content\/uploads\/2025\/06\/edge-1050-premium-cycling-computer-3906-25.jpg\" alt=\"\" \/><\/p>\n<h3><span>\u0110\u1ed8NG L\u1ef0C MTB<\/span><\/h3>\n<p><span>Theo d\u00f5i\u00a0<\/span><span>c\u00e1c s\u1ed1 li\u1ec7u v\u1ec1 xe \u0111\u1ea1p leo n\u00fai<\/span><span>\u00a0nh\u01b0 s\u1ed1 l\u1ea7n nh\u1ea3y, kho\u1ea3ng c\u00e1ch nh\u1ea3y v\u00e0 th\u1eddi gian treo ng\u01b0\u1eddi.<\/span><\/p>\n<\/div>\n<\/div>\n<div>\n<div><img decoding=\"async\" class=\"app__feature__card__image\" src=\"https:\/\/xedop.com\/wp-content\/uploads\/2025\/06\/edge-1050-premium-cycling-computer-3906-26.jpg\" alt=\"\" \/><\/p>\n<h3><span>S\u1ed0 LI\u1ec6U\u00a0GRIT\u00a0<\/span><sup><span>\u00ae<\/span><\/sup><span>\u00a0V\u00c0 FLOW\u00a0<\/span><sup><span>\u2122<\/span><\/sup><\/h3>\n<p><span>\u0110\u1ed9 nh\u00e1m<\/span><span>\u00a0\u0111\u00e1nh gi\u00e1 \u0111\u1ed9 kh\u00f3 c\u1ee7a \u0111\u01b0\u1eddng m\u00f2n.\u00a0<\/span><span>\u0110\u1ed9 tr\u00f4i ch\u1ea3y<\/span><span>\u00a0\u0111\u00e1nh gi\u00e1 m\u1ee9c \u0111\u1ed9 \u00eam \u00e1i khi b\u1ea1n \u0111i tr\u00ean \u0111\u01b0\u1eddng m\u00f2n.<\/span><\/p>\n<\/div>\n<div><img decoding=\"async\" class=\"app__feature__card__image\" src=\"https:\/\/xedop.com\/wp-content\/uploads\/2025\/06\/edge-1050-premium-cycling-computer-3906-27.jpg\" alt=\"\" \/><\/p>\n<h3><span>H\u01af\u1edaNG D\u1eaaN T\u1eeaNG L\u1ea6N<\/span><\/h3>\n<p><span>Duy tr\u00ec l\u1ed9 tr\u00ecnh v\u1edbi ch\u1ec9 d\u1eabn v\u00e0 c\u1ea3nh b\u00e1o t\u1eebng ch\u1eb7ng.<\/span><\/p>\n<\/div>\n<div><img decoding=\"async\" class=\"app__feature__card__image\" src=\"https:\/\/xedop.com\/wp-content\/uploads\/2025\/06\/edge-1050-premium-cycling-computer-3906-28.jpg\" alt=\"\" \/><\/p>\n<h3><span>TR\u1ede L\u1ea0I B\u1eaeT \u0110\u1ea6U<\/span><\/h3>\n<p><span>Quay l\u1ea1i \u0111\u00fang h\u01b0\u1edbng \u2014 ho\u1eb7c quay l\u1ea1i v\u1ea1ch xu\u1ea5t ph\u00e1t \u2014 n\u1ebfu b\u1ea1n b\u1ecb l\u1ea1c ho\u1eb7c mu\u1ed1n v\u1ec1 nh\u00e0 s\u1edbm.<\/span><\/p>\n<\/div>\n<div><img decoding=\"async\" class=\"app__feature__card__image\" src=\"https:\/\/xedop.com\/wp-content\/uploads\/2025\/06\/edge-1050-premium-cycling-computer-3906-29.jpg\" alt=\"\" \/><\/p>\n<h3><span>C\u1ea2NH B\u00c1O DINH D\u01af\u1ee0NG V\u00c0 \u1ea8M TH\u1ef0C<\/span><\/h3>\n<p><span>Duy tr\u00ec n\u0103ng l\u01b0\u1ee3ng trong su\u1ed1t chuy\u1ebfn \u0111i v\u1edbi th\u00f4ng b\u00e1o khi \u0111\u1ebfn gi\u1edd u\u1ed1ng n\u01b0\u1edbc ho\u1eb7c \u0103n.<\/span><\/p>\n<\/div>\n<div><\/div>\n<\/div>\n<\/div>\n<div>\n<div>\n<h2><span>AN TO\u00c0N V\u00c0 NH\u1eacN TH\u1ee8C \u0110\u1ea0P XE<\/span><\/h2>\n<\/div>\n<div>\n<hr class=\"app__line-divider__horizontalRule app__line-divider__horizontalRule--center\" data-v-2b6f8b64=\"\" \/>\n<\/div>\n<div>\n<div><img decoding=\"async\" class=\"app__feature__card__image\" src=\"https:\/\/xedop.com\/wp-content\/uploads\/2025\/06\/edge-1050-premium-cycling-computer-3906-30.jpg\" alt=\"\" \/><\/p>\n<h3><span>T\u01af\u01a0NG TH\u00cdCH V\u1edaI C\u00c1C THI\u1ebeT B\u1eca\u00a0VARIA\u00a0<\/span><sup><span>\u2122<\/span><\/sup><\/h3>\n<p><span>Gh\u00e9p n\u1ed1i thi\u1ebft b\u1ecb Edge v\u1edbi\u00a0<\/span><span>radar chi\u1ebfu h\u1eadu Varia v\u00e0 \u0111\u00e8n th\u00f4ng minh<\/span><span>\u00a0\u0111\u1ec3 quan s\u00e1t v\u00e0 \u0111\u01b0\u1ee3c quan s\u00e1t.<\/span><\/p>\n<\/div>\n<div><img decoding=\"async\" class=\"app__feature__card__image\" src=\"https:\/\/xedop.com\/wp-content\/uploads\/2025\/06\/edge-1050-premium-cycling-computer-3906-31.jpg\" alt=\"\" \/><\/p>\n<h3><span>PH\u00c1T HI\u1ec6N S\u1ef0 C\u1ed0<\/span><\/h3>\n<p><span>T\u00ednh n\u0103ng n\u00e0y s\u1ebd g\u1eedi tin nh\u1eafn v\u1edbi v\u1ecb tr\u00ed c\u1ee7a b\u1ea1n\u00a0<\/span><sup><span>2<\/span><\/sup><span>\u00a0\u0111\u1ebfn\u00a0<\/span><span>c\u00e1c s\u1ed1 li\u00ean l\u1ea1c kh\u1ea9n c\u1ea5p<\/span><span>\u00a0sau m\u1ed9t s\u1ef1 c\u1ed1 tr\u00ean \u0111\u01b0\u1eddng ho\u1eb7c ngo\u00e0i \u0111\u01b0\u1eddng. V\u00e0 t\u00ednh n\u0103ng GroupRide hi\u1ec7n s\u1ebd c\u1ea3nh b\u00e1o b\u1ea1n v\u1ec1 c\u00e1c s\u1ef1 c\u1ed1 c\u1ee7a nh\u1eefng ng\u01b0\u1eddi \u0111i xe kh\u00e1c trong nh\u00f3m.<\/span><\/p>\n<\/div>\n<div><img decoding=\"async\" class=\"app__feature__card__image\" src=\"https:\/\/xedop.com\/wp-content\/uploads\/2025\/06\/edge-1050-premium-cycling-computer-3906-32.jpg\" alt=\"\" \/><\/p>\n<h3><span>T\u00cdNH N\u0102NG LIVETRACK<\/span><\/h3>\n<p><span>Nh\u1eefng ng\u01b0\u1eddi th\u00e2n y\u00eau c\u00f3 th\u1ec3 theo d\u00f5i v\u1ecb tr\u00ed c\u1ee7a b\u1ea1n theo th\u1eddi gian th\u1ef1c v\u00e0 xem d\u1eef li\u1ec7u nh\u01b0 t\u1ed1c \u0111\u1ed9 v\u00e0 k\u1ebf ho\u1ea1ch h\u00e0nh tr\u00ecnh\u00a0<\/span><sup><span>1<\/span><\/sup><span>\u00a0.<\/span><\/p>\n<\/div>\n<div><img decoding=\"async\" class=\"app__feature__card__image\" src=\"https:\/\/xedop.com\/wp-content\/uploads\/2025\/06\/edge-1050-premium-cycling-computer-3906-33.jpg\" alt=\"\" \/><\/p>\n<h3><span>B\u00c1O \u0110\u1ed8NG XE \u0110\u1ea0P<\/span><\/h3>\n<p><span>H\u1ec7 th\u1ed1ng b\u00e1o \u0111\u1ed9ng \u0111\u01b0\u1ee3c b\u1ea3o v\u1ec7 b\u1eb1ng m\u00e3 PIN s\u1ebd th\u00f4ng b\u00e1o cho b\u1ea1n qua \u0111i\u1ec7n tho\u1ea1i th\u00f4ng minh t\u01b0\u01a1ng th\u00edch n\u1ebfu xe \u0111\u1ea1p c\u1ee7a b\u1ea1n b\u1ecb di chuy\u1ec3n.<\/span><\/p>\n<\/div>\n<div><img decoding=\"async\" class=\"app__feature__card__image\" src=\"https:\/\/xedop.com\/wp-content\/uploads\/2025\/06\/edge-1050-premium-cycling-computer-3906-34.jpg\" alt=\"\" \/><\/p>\n<h3><span>T\u00cdNH T\u01af\u01a0NG TH\u00cdCH C\u1ee6A THI\u1ebeT\u00a0B\u1eca INREACH\u00a0<\/span><sup><span>\u00ae<\/span><\/sup><\/h3>\n<p><span>Gi\u1eef li\u00ean l\u1ea1c m\u1ecdi l\u00fac m\u1ecdi n\u01a1i b\u1eb1ng c\u00e1ch gh\u00e9p n\u1ed1i v\u1edbi thi\u1ebft\u00a0<\/span><span>b\u1ecb li\u00ean l\u1ea1c v\u1ec7 tinh inReach\u00a0<\/span><sup><span>4<\/span><\/sup><span>\u00a0t\u01b0\u01a1ng th\u00edch .<\/span><\/p>\n<\/div>\n<\/div>\n<\/div>\n<div>\n<div>\n<h2><span>K\u1ebeT N\u1ed0I<\/span><\/h2>\n<\/div>\n<div>\n<hr class=\"app__line-divider__horizontalRule app__line-divider__horizontalRule--center\" data-v-2b6f8b64=\"\" \/>\n<\/div>\n<div>\n<div><img decoding=\"async\" class=\"app__feature__card__image\" src=\"https:\/\/xedop.com\/wp-content\/uploads\/2025\/06\/edge-1050-premium-cycling-computer-3906-35.jpg\" alt=\"\" \/><\/p>\n<h3><span>THANH TO\u00c1N KH\u00d4NG TI\u1ebeP X\u00daC\u00a0GARMIN PAY\u00a0<\/span><sup><span>\u2122<\/span><\/sup><\/h3>\n<p><span>Th\u1ef1c hi\u1ec7n giao d\u1ecbch mua s\u1eafm khi \u0111ang di chuy\u1ec3n b\u1eb1ng thanh to\u00e1n kh\u00f4ng ti\u1ebfp x\u00fac Garmin Pay v\u1edbi\u00a0<\/span><span>c\u00e1c nh\u00e0 cung c\u1ea5p tham gia<\/span><span>\u00a0.<\/span><\/p>\n<\/div>\n<div><img decoding=\"async\" class=\"app__feature__card__image\" src=\"https:\/\/xedop.com\/wp-content\/uploads\/2025\/06\/edge-1050-premium-cycling-computer-3906-36.jpg\" alt=\"\" \/><\/p>\n<h3><span>TH\u00d4NG B\u00c1O TH\u00d4NG MINH<\/span><\/h3>\n<p><span>Nh\u1eadn tin nh\u1eafn v\u00e0 c\u1ea3nh b\u00e1o tr\u00ean m\u00e1y t\u00ednh \u0111\u1ea1p xe Edge khi \u0111\u01b0\u1ee3c gh\u00e9p n\u1ed1i v\u1edbi \u0111i\u1ec7n tho\u1ea1i th\u00f4ng minh t\u01b0\u01a1ng th\u00edch.<\/span><\/p>\n<\/div>\n<div><img decoding=\"async\" class=\"app__feature__card__image\" src=\"https:\/\/xedop.com\/wp-content\/uploads\/2025\/06\/edge-1050-premium-cycling-computer-3906-37.jpg\" alt=\"\" \/><\/p>\n<h3><span>T\u00cdNH T\u01af\u01a0NG TH\u00cdCH C\u1ee6A SMART TRAINER<\/span><\/h3>\n<p><span>Edge n\u00e0y c\u00f3 th\u1ec3 k\u1ebft n\u1ed1i v\u1edbi\u00a0<\/span><span>m\u00e1y t\u1eadp th\u1ec3 d\u1ee5c trong nh\u00e0<\/span><span>\u00a0\u0111\u1ec3 theo d\u00f5i qu\u00e1 tr\u00ecnh t\u1eadp luy\u1ec7n t\u1ea1i nh\u00e0 c\u1ee7a b\u1ea1n.<\/span><\/p>\n<\/div>\n<div><img decoding=\"async\" class=\"app__feature__card__image\" src=\"https:\/\/xedop.com\/wp-content\/uploads\/2025\/06\/edge-1050-premium-cycling-computer-3906-38.jpg\" alt=\"\" \/><\/p>\n<h3><span>T\u00cdNH T\u01af\u01a0NG TH\u00cdCH C\u1ee6A EBIKE<\/span><\/h3>\n<p><span>K\u1ebft n\u1ed1i v\u1edbi xe \u0111\u1ea1p \u0111i\u1ec7n c\u1ee7a b\u1ea1n t\u01b0\u01a1ng th\u00edch v\u1edbi c\u00f4ng ngh\u1ec7 ANT+\u00a0<\/span><sup><span>\u00ae<\/span><\/sup><span>\u00a0.<\/span><\/p>\n<\/div>\n<div><img decoding=\"async\" class=\"app__feature__card__image\" src=\"https:\/\/xedop.com\/wp-content\/uploads\/2025\/06\/edge-1050-premium-cycling-computer-3906-39.jpg\" alt=\"\" \/><\/p>\n<h3><span>C\u1eecA H\u00c0NG\u00a0CONNECT IQ\u00a0<\/span><sup><span>\u2122<\/span><\/sup><\/h3>\n<p><span>T\u1ea3i xu\u1ed1ng c\u00e1c tr\u01b0\u1eddng d\u1eef li\u1ec7u t\u00f9y ch\u1ec9nh v\u00e0 nh\u1eadn \u1ee9ng d\u1ee5ng v\u00e0 ti\u1ec7n \u00edch t\u1eeb \u1ee9ng d\u1ee5ng \u0111i\u1ec7n tho\u1ea1i th\u00f4ng minh\u00a0<\/span><span>Connect IQ Store<\/span><span>\u00a0c\u1ee7a ch\u00fang t\u00f4i .<\/span><\/p>\n<\/div>\n<\/div>\n<div>\n<div><img decoding=\"async\" class=\"app__feature__card__image\" src=\"https:\/\/xedop.com\/wp-content\/uploads\/2025\/06\/edge-1050-premium-cycling-computer-3906-40.jpg\" alt=\"\" \/><\/p>\n<h3><span>K\u1ebeT N\u1ed0I CHUY\u1ec2N \u0110\u1ed4I \u0110I\u1ec6N T\u1eec<\/span><\/h3>\n<p><span>C\u1ea5u h\u00ecnh c\u00e1c h\u1ec7 th\u1ed1ng chuy\u1ec3n s\u1ed1 \u0111\u01b0\u1ee3c ch\u1ecdn \u0111\u1ec3 \u0111i\u1ec1u khi\u1ec3n thi\u1ebft b\u1ecb Edge v\u00e0 xem th\u1eddi l\u01b0\u1ee3ng pin, vu\u1ed1t qua c\u00e1c trang d\u1eef li\u1ec7u, v.v.<\/span><\/p>\n<\/div>\n<div><\/div>\n<div><\/div>\n<\/div>\n<\/div>\n","protected":false},"excerpt":{"rendered":"<p>T\u1eeb nh\u1eefng chuy\u1ebfn \u0111i theo nh\u00f3m v\u00e0o th\u1ee9 B\u1ea3y \u0111\u1ebfn nh\u1eefng chuy\u1ebfn \u0111i d\u00e0i m\u1ed9t m\u00ecnh, h\u00e3y c\u1ea3i thi\u1ec7n m\u1ecdi chuy\u1ebfn \u0111i v\u1edbi m\u00e1y t\u00ednh \u0111\u1ea1p xe cao c\u1ea5p Edge 1050 c\u00f9ng nh\u1eefng th\u00f4ng tin chi ti\u1ebft \u0111\u00e1ng kinh ng\u1ea1c v\u1ec1 hi\u1ec7u su\u1ea5t, c\u00e1c cu\u1ed9c thi \u0111\u1ea1p xe v\u00e0 d\u1ecbch v\u1ee5 h\u01b0\u1edbng d\u1eabn c\u00e1 nh\u00e2n mi\u1ec5n ph\u00ed.<\/p>\n","protected":false},"featured_media":3907,"comment_status":"closed","ping_status":"closed","template":"","meta":[],"product_cat":[88],"product_tag":[],"class_list":["post-3906","product","type-product","status-publish","has-post-thumbnail","hentry","product_cat-garmin"],"_links":{"self":[{"href":"https:\/\/xedopcom719.mbws.vn\/en\/wp-json\/wp\/v2\/product\/3906","targetHints":{"allow":["GET"]}}],"collection":[{"href":"https:\/\/xedopcom719.mbws.vn\/en\/wp-json\/wp\/v2\/product"}],"about":[{"href":"https:\/\/xedopcom719.mbws.vn\/en\/wp-json\/wp\/v2\/types\/product"}],"replies":[{"embeddable":true,"href":"https:\/\/xedopcom719.mbws.vn\/en\/wp-json\/wp\/v2\/comments?post=3906"}],"version-history":[{"count":1,"href":"https:\/\/xedopcom719.mbws.vn\/en\/wp-json\/wp\/v2\/product\/3906\/revisions"}],"predecessor-version":[{"id":4001,"href":"https:\/\/xedopcom719.mbws.vn\/en\/wp-json\/wp\/v2\/product\/3906\/revisions\/4001"}],"wp:featuredmedia":[{"embeddable":true,"href":"https:\/\/xedopcom719.mbws.vn\/en\/wp-json\/wp\/v2\/media\/3907"}],"wp:attachment":[{"href":"https:\/\/xedopcom719.mbws.vn\/en\/wp-json\/wp\/v2\/media?parent=3906"}],"wp:term":[{"taxonomy":"product_cat","embeddable":true,"href":"https:\/\/xedopcom719.mbws.vn\/en\/wp-json\/wp\/v2\/product_cat?post=3906"},{"taxonomy":"product_tag","embeddable":true,"href":"https:\/\/xedopcom719.mbws.vn\/en\/wp-json\/wp\/v2\/product_tag?post=3906"}],"curies":[{"name":"wp","href":"https:\/\/api.w.org\/{rel}","templated":true}]}}