{"id":3188,"date":"2025-06-07T14:39:11","date_gmt":"2025-06-07T07:39:11","guid":{"rendered":"https:\/\/xedop.com\/?post_type=product&#038;p=3188"},"modified":"2025-07-11T16:01:22","modified_gmt":"2025-07-11T09:01:22","slug":"den-pha-varia-ut800-headlight","status":"publish","type":"product","link":"https:\/\/xedopcom719.mbws.vn\/en\/san-pham\/den-pha-varia-ut800-headlight\/","title":{"rendered":"\u0110\u00e8n pha Varia UT800 Headlight"},"content":{"rendered":"<div>\n<h1>\u0110e\u0300n pha th\u00f4ng minh chi\u00ea\u0301u sa\u0301ng c\u01b0\u1eddng \u0111\u1ed9 cao v\u01a1\u0301i th\u01a1\u0300i l\u01b0\u01a1\u0323ng v\u01b0\u1ee3t tr\u1ed9i<\/h1>\n<ul>\n<li>\u0110e\u0300n pha xe \u0111a\u0323p c\u01b0\u01a1\u0300ng \u0111\u00f4\u0323 cao th\u00edch h\u1ee3p s\u01b0\u0309 du\u0323ng trong tha\u0300nh ph\u00f4\u0301, tr\u00ean \u0111\u01b0\u01a1\u0300ng \u0111i\u0323a hi\u0300nh va\u0300 co\u0301 th\u00ea\u0309 chi\u1ebfu s\u00e1ng t\u1ed1t ngay c\u1ea3 d\u01b0\u1edbi a\u0301nh sa\u0301ng ban nga\u0300y v\u01a1\u0301i khoa\u0309ng ca\u0301ch h\u01a1n 1 d\u0103\u0323m (1,6 km)<\/li>\n<li>\u0110\u00f4\u0323 chi\u00ea\u0301u sa\u0301ng \u00f4\u0309n \u0111i\u0323nh 800 lumen l\u00ean \u0111\u00ea\u0301n 1,5 gi\u01a1\u0300<\/li>\n<li>T\u01b0\u0323 \u0111\u00f4\u0323ng \u0111i\u00ea\u0300u chi\u0309nh \u0111\u1ec3 phu\u0300 h\u01a1\u0323p v\u01a1\u0301i \u0111i\u00ea\u0300u ki\u00ea\u0323n a\u0301nh sa\u0301ng m\u00f4i tr\u01b0\u01a1\u0300ng, t\u00f4\u0301c \u0111\u00f4\u0323 va\u0300 th\u00f4ng s\u1ed1 \u0111a\u0323p xe\u00b9 \u0111\u00ea\u0309 ke\u0301o da\u0300i th\u01a1\u0300i l\u01b0\u01a1\u0323ng pin<\/li>\n<li>Hoa\u0323t \u0111\u00f4\u0323ng \u0111\u00f4\u0323c l\u00e2\u0323p ho\u0103\u0323c k\u00ea\u0301t n\u00f4\u0301i v\u01a1\u0301i ma\u0301y ti\u0301nh xe \u0111a\u0323p Edge\u00ae t\u01b0\u01a1ng thi\u0301ch \u0111\u00ea\u0309 t\u01b0\u0323 \u0111\u00f4\u0323ng b\u00e2\u0323t ho\u0103\u0323c t\u0103\u0301t \u0111e\u0300n, \u0111i\u00ea\u0300u khi\u00ea\u0309n \u0111\u00f4\u0323 sa\u0301ng va\u0300 nhi\u00ea\u0300u h\u01a1n n\u01b0\u0303a<\/li>\n<li>\u0110\u01b0\u1ee3c trang b\u1ecb 5 ch\u00ea\u0301 \u0111\u00f4\u0323 chi\u00ea\u0301u sa\u0301ng, g\u00f4\u0300m c\u01b0\u01a1\u0300ng \u0111\u00f4\u0323 cao, trung bi\u0300nh, nh\u00e2\u0301p nha\u0301y ban \u0111\u00eam va\u0300 nh\u00e2\u0301p nha\u0301y ban nga\u0300y<\/li>\n<\/ul>\n<p><img decoding=\"async\" class=\"percent100\" src=\"https:\/\/xedop.com\/wp-content\/uploads\/2025\/06\/den-pha-varia-ut800-headlight-3188.jpg\" alt=\"\" \/><\/p>\n<\/div>\n<div>\n<p>Du\u0300 ba\u0323n \u0111ang \u0111a\u0323p xe tr\u00ean \u0111\u01b0\u01a1\u0300ng tr\u01b0\u01a1\u0300ng hay \u0111\u01b0\u01a1\u0300ng \u0111i\u0323a hi\u0300nh, ba\u0323n se\u0303 kh\u00f4ng pha\u0309i d\u1eebng ch\u00e2n khi m\u0103\u0323t tr\u01a1\u0300i l\u0103\u0323n. Khi t\u00f4\u0301c \u0111\u00f4\u0323 thay \u0111\u00f4\u0309i, Varia UT800 cu\u0303ng se\u0303 \u0111i\u00ea\u0300u chi\u0309nh \u0111\u1ec3 th\u00edch nghi.<\/p>\n<p>Khi k\u00ea\u0301t n\u00f4\u0301i v\u01a1\u0301i ma\u0301y ti\u0301nh xe \u0111\u1ea1p Edge, UT800 \u0111i\u00ea\u0300u chi\u0309nh \u0111\u00f4\u0323 sa\u0301ng \u0111\u00ea\u0309 \u0111a\u0323t \u0111\u01b0\u01a1\u0323c lumen c\u00e2\u0300n thi\u00ea\u0301t l\u00ean \u0111\u00ea\u0301n 4 gi\u01a1\u0300, nh\u01a1\u0300 \u0111o\u0301 ba\u0323n co\u0301 th\u00ea\u0309 \u0111a\u0323p xe v\u01a1\u0301i t\u1ea5t c\u1ea3 s\u01b0\u0323 t\u01b0\u0323 tin.<\/p>\n<h2>C\u01b0\u1eddng \u0111\u1ed9 s\u00e1ng \u0111i\u1ec1u ch\u1ec9nh theo t\u1ed1c \u0111\u1ed9<\/h2>\n<p>Varia UT800 cho phe\u0301p ba\u0323n k\u00ea\u0301t n\u00f4\u0301i v\u01a1\u0301i ma\u0301y ti\u0301nh Edge t\u01b0\u01a1ng thi\u0301ch v\u01a1\u0301i ca\u0309m bi\u00ea\u0301n \u0111e\u0300n.<\/p>\n<p>Khi \u0111a\u0303 k\u00ea\u0301t n\u00f4\u0301i, Varia UT800 t\u01b0\u0323 \u0111\u00f4\u0323ng \u0111i\u00ea\u0300u chi\u0309nh c\u01b0\u01a1\u0300ng \u0111\u00f4\u0323 chu\u0300m sa\u0301ng theo t\u00f4\u0301c \u0111\u00f4\u0323 va\u0300 d\u01b0\u0323a tr\u00ean th\u00f4ng tin v\u00ea\u0300 \u0111a\u0323p xe \u0111\u00ea\u0309 chi\u00ea\u0301u sa\u0301ng v\u01a1\u0301i c\u01b0\u01a1\u0300ng \u0111\u00f4\u0323 cao h\u01a1n khi ba\u0323n \u0111a\u0323p nhanh h\u01a1n, \u0111\u00f4\u0300ng th\u01a1\u0300i ti\u00ea\u0301t ki\u00ea\u0323m n\u0103ng l\u01b0\u01a1\u0323ng pin \u01a1\u0309 t\u00f4\u0301c \u0111\u00f4\u0323 ch\u00e2\u0323m h\u01a1n. Thi\u00ea\u0301t bi\u0323 cu\u0303ng t\u01b0\u0323 \u0111\u00f4\u0323ng \u0111i\u00ea\u0300u chi\u0309nh phu\u0300 h\u01a1\u0323p v\u01a1\u0301i \u0111i\u00ea\u0300u ki\u00ea\u0323n a\u0301nh sa\u0301ng m\u00f4i tr\u01b0\u01a1\u0300ng \u0111\u1ec3 ke\u0301o da\u0300i th\u1eddi l\u01b0\u1ee3ng pin xuy\u00ean su\u1ed1t ha\u0300nh tri\u0300nh. Ngo\u00e0i ra, b\u1ea1n chi\u0309 c\u00e2\u0300n cha\u0323m va\u0300o ma\u0301y ti\u0301nh Edge ho\u0103\u0323c \u0111i\u00ea\u0300u khi\u00ea\u0309n t\u01b0\u0300 xa chuy\u00ean du\u0323ng \u0111\u00ea\u0309 b\u00e2\u0323t ho\u0103\u0323c t\u0103\u0301t \u0111e\u0300n, \u0111i\u00ea\u0300u khi\u00ea\u0309n \u0111\u00f4\u0323 sa\u0301ng va\u0300 nhi\u00ea\u0300u h\u01a1n n\u01b0\u0303a.<\/p>\n<h2>T\u00e2\u0300m nhi\u0300n linh hoa\u0323t<\/h2>\n<p>Varia giu\u0301p \u0111i\u00ea\u0300u chi\u0309nh d\u00ea\u0303 da\u0300ng c\u00f4ng su\u00e2\u0301t chi\u00ea\u0301u sa\u0301ng phu\u0300 h\u01a1\u0323p v\u01a1\u0301i \u0111i\u00ea\u0300u ki\u00ea\u0323n m\u00f4i tr\u01b0\u1eddng.<\/p>\n<p>Varia UT800 co\u0301 5 ch\u00ea\u0301 \u0111\u00f4\u0323 chi\u00ea\u0301u sa\u0301ng, g\u00f4\u0300m c\u01b0\u01a1\u0300ng \u0111\u00f4\u0323 cao (800 lumen), trung bi\u0300nh (400 lumen), th\u00e2\u0301p (200 lumen), a\u0301nh sa\u0301ng nh\u00e2\u0301p nha\u0301y ban \u0111\u00eam (100 \u0111\u00ea\u0301n 300 lumen), a\u0301nh sa\u0301ng nh\u00e2\u0301p nha\u0301y ban nga\u0300y (h\u01a1n 700 lumen).<\/p>\n<p>Khi \u0111e\u0300n hoa\u0323t \u0111\u00f4\u0323ng h\u00ea\u0301t c\u00f4ng su\u00e2\u0301t, co\u0301 th\u00ea\u0309 nhi\u0300n th\u00e2\u0301y r\u00f5 d\u01b0\u01a1\u0301i a\u0301nh sa\u0301ng ban nga\u0300y trong khoa\u0309ng ca\u0301ch h\u01a1n 1 d\u0103\u0323m (1,6 km).<\/p>\n<p><img decoding=\"async\" class=\"percent100\" src=\"https:\/\/xedop.com\/wp-content\/uploads\/2025\/06\/den-pha-varia-ut800-headlight-3188-1.jpg\" alt=\"\" \/><\/p>\n<h2>S\u0103\u0303n sa\u0300ng cho ha\u0300nh tri\u0300nh \u0111a\u0323p xe<\/h2>\n<p>\u0110e\u0300n pha th\u00f4ng minh Varia UT800 co\u0301 thi\u00ea\u0301t k\u00ea\u0301 nhe\u0323, nho\u0309 go\u0323n, co\u0301 th\u00ea\u0309 g\u0103\u0301n va\u0300o ghi \u0111\u00f4ng xe b\u0103\u0300ng gia\u0301 g\u0103\u0301n phi\u0301a tr\u01b0\u01a1\u0301c ho\u0103\u0323c g\u0103\u0301n va\u0300o mu\u0303 ba\u0309o hi\u00ea\u0309m b\u0103\u0300ng gia\u0301 g\u0103\u0301n mu\u0303 ba\u0309o hi\u00ea\u0309m ho\u0103\u0323c gia\u0301 g\u0103\u0301n ma sa\u0301t\u00b2, va\u0300 n\u0103\u0323ng ch\u01b0a \u0111\u00ea\u0301n 140 gam.<\/p>\n<p>\u00b9Khi k\u00ea\u0301t n\u00f4\u0301i v\u01a1\u0301i thi\u00ea\u0301t bi\u0323 Edge t\u01b0\u01a1ng thi\u0301ch v\u01a1\u0301i ca\u0309m bi\u00ea\u0301n a\u0301nh sa\u0301ng m\u00f4i tr\u01b0\u01a1\u0300ng.<br \/>\n\u00b2Ng\u01b0\u01a1\u0300i \u0111a\u0323p xe pha\u0309i tu\u00e2n thu\u0309 lu\u00e2\u0323t \u0111i\u0323a ph\u01b0\u01a1ng v\u00ea\u0300 vi\u00ea\u0323c l\u0103\u0301p \u0111e\u0300n khi \u0111a\u0323p xe tr\u00ean \u0111\u01b0\u01a1\u0300ng.\u00a0 Varia UT800 kh\u00f4ng phu\u0300 h\u01a1\u0323p v\u01a1\u0301i ca\u0301c quy \u0111i\u0323nh StVZO.<\/p>\n<\/div>\n<p>&nbsp;<\/p>\n<div>\n<table>\n<tbody>\n<tr class=\"title\">\n<td colspan=\"2\">\n<h3>Th\u00f4ng tin chung<\/h3>\n<\/td>\n<\/tr>\n<tr>\n<th scope=\"row\">K\u00edch th\u01b0\u1edbc v\u1eadt l\u00fd<\/th>\n<td>\u00a03.8&#8243; x 1.3&#8243; x 1.2&#8243; (96.6 mm x 33.5 mm x 29.7 mm); 1.8&#8243; with flange (44.7 mm with flange)<\/td>\n<\/tr>\n<tr>\n<th scope=\"row\">TRO\u0323NG L\u01af\u01a0\u0323NG<\/th>\n<td>4.6 oz (130.0 g)<\/td>\n<\/tr>\n<tr>\n<th scope=\"row\">Light modes<\/th>\n<td>high, medium, low, night flash and day flash<\/td>\n<\/tr>\n<tr>\n<th scope=\"row\">Lumens<\/th>\n<td>800 high, 400 medium, 200 low, night flash and day flash<\/td>\n<\/tr>\n<tr>\n<th scope=\"row\">CH\u1ec8 S\u1ed0 CH\u1ed0NG N\u01af\u1edaC<\/th>\n<td>IPX7<\/td>\n<\/tr>\n<tr>\n<th scope=\"row\">TH\u1edcI L\u01af\u1ee2NG PIN<\/th>\n<td>1.5 hours, high<br \/>\n3\u00a0hours, medium<br \/>\n6\u00a0hours, low<br \/>\n25\u00a0hours, day flash<br \/>\n6\u00a0hours, night flash<\/td>\n<\/tr>\n<tr>\n<th scope=\"row\">ANT+\u00ae<\/th>\n<td>yes (bike lights)<\/td>\n<\/tr>\n<tr>\n<th scope=\"row\">productSpecViewingAngle<\/th>\n<td>270\u00b0<\/td>\n<\/tr>\n<tr>\n<th scope=\"row\">Visibility distance<\/th>\n<td>1 mile<\/td>\n<\/tr>\n<tr>\n<th scope=\"row\">Smart headlight<\/th>\n<td class=\"yes\"><\/td>\n<\/tr>\n<\/tbody>\n<\/table>\n<\/div>\n<div>\n<ul>\n<li>K\u00edch th\u01b0\u1edbc (DxRxC): 3,8&#8243; x 1,3&#8243; x 1,2&#8243; (96,6 mm x 33,5 mm x 29,7 mm); 1,8&#8243; v\u1edbi c\u1ea1nh m\u00e9p (44,7 mm v\u1edbi c\u1ea1nh m\u00e9p)<\/li>\n<li>Tr\u1ecdng l\u01b0\u1ee3ng: 4,6 oz (130,0 g)<\/li>\n<li>Th\u1eddi l\u01b0\u1ee3ng pin: 1,5 gi\u1edd, cao; 3,0 gi\u1edd, trung b\u00ecnh; 6,0 gi\u1edd, th\u1ea5p; 25,0 gi\u1edd, nh\u1ea5p nh\u00e1y ban ng\u00e0y; 6,0 gi\u1edd, nh\u1ea5p nh\u00e1y ban \u0111\u00eam<\/li>\n<li>Quang th\u00f4ng: 800<\/li>\n<li>\u0110\u00e8n LED CREE: c\u00f3<\/li>\n<li>\u0110\u1ed9 hi\u1ec3n th\u1ecb: 270\u00b0<\/li>\n<li>T\u1ea7m nh\u00ecn: 1 d\u1eb7m (1,6 km)<\/li>\n<li>X\u1ebfp h\u1ea1ng n\u01b0\u1edbc: IPX7<\/li>\n<li>Xu\u1ea5t x\u1ee9 th\u01b0\u01a1ng hi\u1ec7u : Th\u1ee5y S\u1ef9<br \/>\nXu\u1ea5t x\u1ee9 : \u0110\u00e0i Loan<\/li>\n<\/ul>\n<\/div>\n","protected":false},"excerpt":{"rendered":"<p>\u0110e\u0300n pha th\u00f4ng minh chi\u00ea\u0301u sa\u0301ng c\u01b0\u1eddng \u0111\u1ed9 cao v\u01a1\u0301i th\u01a1\u0300i l\u01b0\u01a1\u0323ng v\u01b0\u1ee3t tr\u1ed9i \u0110e\u0300n pha xe \u0111a\u0323p c\u01b0\u01a1\u0300ng \u0111\u00f4\u0323 cao th\u00edch h\u1ee3p s\u01b0\u0309 du\u0323ng trong<span class=\"excerpt-hellip\"> [\u2026]<\/span><\/p>\n","protected":false},"featured_media":3195,"comment_status":"closed","ping_status":"closed","template":"","meta":[],"product_cat":[88],"product_tag":[],"class_list":["post-3188","product","type-product","status-publish","has-post-thumbnail","hentry","product_cat-garmin"],"_links":{"self":[{"href":"https:\/\/xedopcom719.mbws.vn\/en\/wp-json\/wp\/v2\/product\/3188","targetHints":{"allow":["GET"]}}],"collection":[{"href":"https:\/\/xedopcom719.mbws.vn\/en\/wp-json\/wp\/v2\/product"}],"about":[{"href":"https:\/\/xedopcom719.mbws.vn\/en\/wp-json\/wp\/v2\/types\/product"}],"replies":[{"embeddable":true,"href":"https:\/\/xedopcom719.mbws.vn\/en\/wp-json\/wp\/v2\/comments?post=3188"}],"version-history":[{"count":1,"href":"https:\/\/xedopcom719.mbws.vn\/en\/wp-json\/wp\/v2\/product\/3188\/revisions"}],"predecessor-version":[{"id":3201,"href":"https:\/\/xedopcom719.mbws.vn\/en\/wp-json\/wp\/v2\/product\/3188\/revisions\/3201"}],"wp:featuredmedia":[{"embeddable":true,"href":"https:\/\/xedopcom719.mbws.vn\/en\/wp-json\/wp\/v2\/media\/3195"}],"wp:attachment":[{"href":"https:\/\/xedopcom719.mbws.vn\/en\/wp-json\/wp\/v2\/media?parent=3188"}],"wp:term":[{"taxonomy":"product_cat","embeddable":true,"href":"https:\/\/xedopcom719.mbws.vn\/en\/wp-json\/wp\/v2\/product_cat?post=3188"},{"taxonomy":"product_tag","embeddable":true,"href":"https:\/\/xedopcom719.mbws.vn\/en\/wp-json\/wp\/v2\/product_tag?post=3188"}],"curies":[{"name":"wp","href":"https:\/\/api.w.org\/{rel}","templated":true}]}}