{"id":3074,"date":"2025-06-07T14:30:38","date_gmt":"2025-06-07T07:30:38","guid":{"rendered":"https:\/\/xedop.com\/?post_type=product&#038;p=3074"},"modified":"2025-06-07T14:30:38","modified_gmt":"2025-06-07T07:30:38","slug":"bicycle-mount-kit-gia-gan-dong-ho-deo-tay-len-xe-dap","status":"publish","type":"product","link":"https:\/\/xedopcom719.mbws.vn\/en\/san-pham\/bicycle-mount-kit-gia-gan-dong-ho-deo-tay-len-xe-dap\/","title":{"rendered":"Bicycle Mount Kit Gi\u00e1 g\u1eafn \u0111\u1ed3ng h\u1ed3 \u0111eo tay l\u00ean xe \u0111\u1ea1p"},"content":{"rendered":"<p>G\u1eafn thi\u1ebft b\u1ecb t\u01b0\u01a1ng th\u00edch v\u00e0o xe c\u1ee7a b\u1ea1n \u0111\u1ec3 thu th\u1eadp d\u1eef li\u1ec7u t\u1eadp luy\u1ec7n khi \u0111\u1ea1p xe. Thi\u1ebft b\u1ecb c\u00f3 th\u1ec3 nhanh ch\u00f3ng \u0111\u01b0\u1ee3c g\u1eafn v\u00e0o gi\u00e1 g\u1eafn \u0111\u1ec3 chuy\u1ec3n \u0111\u1ed5i ho\u00e0n to\u00e0n t\u1eeb ch\u1ea1y b\u1ed9 sang \u0111\u1ea1p xe, ph\u00f9 h\u1ee3p v\u1edbi c\u00e1c b\u00e0i t\u1eadp ph\u1ed1i h\u1ee3p nhi\u1ec1u m\u00f4n th\u1ec3 thao.<\/p>\n","protected":false},"excerpt":{"rendered":"<p>G\u1eafn thi\u1ebft b\u1ecb t\u01b0\u01a1ng th\u00edch v\u00e0o xe c\u1ee7a b\u1ea1n \u0111\u1ec3 thu th\u1eadp d\u1eef li\u1ec7u t\u1eadp luy\u1ec7n khi \u0111\u1ea1p xe. Thi\u1ebft b\u1ecb c\u00f3 th\u1ec3 nhanh ch\u00f3ng \u0111\u01b0\u1ee3c<span class=\"excerpt-hellip\"> [\u2026]<\/span><\/p>\n","protected":false},"featured_media":3075,"comment_status":"closed","ping_status":"closed","template":"","meta":[],"product_cat":[88],"product_tag":[],"class_list":["post-3074","product","type-product","status-publish","has-post-thumbnail","hentry","product_cat-garmin"],"_links":{"self":[{"href":"https:\/\/xedopcom719.mbws.vn\/en\/wp-json\/wp\/v2\/product\/3074","targetHints":{"allow":["GET"]}}],"collection":[{"href":"https:\/\/xedopcom719.mbws.vn\/en\/wp-json\/wp\/v2\/product"}],"about":[{"href":"https:\/\/xedopcom719.mbws.vn\/en\/wp-json\/wp\/v2\/types\/product"}],"replies":[{"embeddable":true,"href":"https:\/\/xedopcom719.mbws.vn\/en\/wp-json\/wp\/v2\/comments?post=3074"}],"version-history":[{"count":1,"href":"https:\/\/xedopcom719.mbws.vn\/en\/wp-json\/wp\/v2\/product\/3074\/revisions"}],"predecessor-version":[{"id":3077,"href":"https:\/\/xedopcom719.mbws.vn\/en\/wp-json\/wp\/v2\/product\/3074\/revisions\/3077"}],"wp:featuredmedia":[{"embeddable":true,"href":"https:\/\/xedopcom719.mbws.vn\/en\/wp-json\/wp\/v2\/media\/3075"}],"wp:attachment":[{"href":"https:\/\/xedopcom719.mbws.vn\/en\/wp-json\/wp\/v2\/media?parent=3074"}],"wp:term":[{"taxonomy":"product_cat","embeddable":true,"href":"https:\/\/xedopcom719.mbws.vn\/en\/wp-json\/wp\/v2\/product_cat?post=3074"},{"taxonomy":"product_tag","embeddable":true,"href":"https:\/\/xedopcom719.mbws.vn\/en\/wp-json\/wp\/v2\/product_tag?post=3074"}],"curies":[{"name":"wp","href":"https:\/\/api.w.org\/{rel}","templated":true}]}}