{"id":3006,"date":"2025-06-07T14:21:26","date_gmt":"2025-06-07T07:21:26","guid":{"rendered":"https:\/\/xedop.com\/?post_type=product&#038;p=3006"},"modified":"2025-06-07T14:21:28","modified_gmt":"2025-06-07T07:21:28","slug":"rally-xc100-pedal-power-meter-ban-dap-do-luc-mot-ben-xe-mtb","status":"publish","type":"product","link":"https:\/\/xedopcom719.mbws.vn\/en\/san-pham\/rally-xc100-pedal-power-meter-ban-dap-do-luc-mot-ben-xe-mtb\/","title":{"rendered":"Rally XC100 pedal power meter B\u00e0n \u0111\u1ea1p \u0111o l\u1ef1c m\u1ed9t b\u00ean xe MTB"},"content":{"rendered":"<div><img decoding=\"async\" class=\"app__feature__card__image\" src=\"https:\/\/xedop.com\/wp-content\/uploads\/2025\/06\/rally-xc100-pedal-power-meter-ban-dap-do-luc-mot-ben-xe-mtb-3006.jpg\" alt=\"\" \/><\/p>\n<p>\u0110\u01b0\u01a1\u0323c l\u0103\u0301p \u0111\u1eb7t nh\u01b0 b\u1ea5t k\u1ef3 b\u00e0n \u0111\u1ea1p kh\u00e1c v\u00e0 d\u1ec5 d\u00e0ng chuy\u00ea\u0309n t\u1eeb xe \u0111\u1ea1p na\u0300y sang xe \u0111\u1ea1p kha\u0301c.<\/p>\n<\/div>\n<div><img decoding=\"async\" class=\"app__feature__card__image\" src=\"https:\/\/xedop.com\/wp-content\/uploads\/2025\/06\/rally-xc100-pedal-power-meter-ban-dap-do-luc-mot-ben-xe-mtb-3006-1.jpg\" alt=\"\" \/><\/p>\n<p>H\u00e3y ti\u0300m hi\u00ea\u0309u ro\u0303 hi\u1ec7u su\u1ea5t c\u1ee7a b\u1ea1n b\u1eb1ng c\u00e1ch \u0111o t\u1ed5ng l\u01b0\u0323c, gu\u00f4\u0300ng ch\u00e2n v\u00e0 h\u01a1n th\u1ebf n\u1eefa.<\/p>\n<\/div>\n<div><img decoding=\"async\" class=\"app__feature__card__image\" src=\"https:\/\/xedop.com\/wp-content\/uploads\/2025\/06\/rally-xc100-pedal-power-meter-ban-dap-do-luc-mot-ben-xe-mtb-3006-2.jpg\" alt=\"\" \/><\/p>\n<p>D\u1ec5 d\u00e0ng g\u1eafn v\u00e0o. Nh\u1eefng b\u00e0n \u0111\u1ea1p n\u00e0y t\u01b0\u01a1ng th\u00edch v\u1edbi can gi\u00e0y SHIMANO SPD.<\/p>\n<\/div>\n<div><img decoding=\"async\" class=\"app__feature__card__image\" src=\"https:\/\/xedop.com\/wp-content\/uploads\/2025\/06\/rally-xc100-pedal-power-meter-ban-dap-do-luc-mot-ben-xe-mtb-3006-3.jpg\" alt=\"\" \/><\/p>\n<p>Kh\u1ea3 n\u0103ng t\u01b0\u01a1ng th\u00edch v\u1edbi m\u00e1y t\u00ednh d\u00e0nh cho \u0111\u1ea1p xe c\u1ee7a Edge v\u00e0 \u1ee9ng d\u1ee5ng Garmin Connect1 gi\u00fap c\u1eadp nh\u1eadt ph\u1ea7n m\u1ec1m v\u00e0 t\u1ea3i d\u1eef li\u1ec7u l\u00ean d\u1ec5 d\u00e0ng.<\/p>\n<\/div>\n<div><img decoding=\"async\" class=\"app__feature__card__image\" src=\"https:\/\/xedop.com\/wp-content\/uploads\/2025\/06\/rally-xc100-pedal-power-meter-ban-dap-do-luc-mot-ben-xe-mtb-3006-4.jpg\" alt=\"\" \/><\/p>\n<p>\u0110\u1ed3ng b\u1ed9 h\u00f3a d\u1eef li\u1ec7u v\u1edbi c\u00e1c \u1ee9ng d\u1ee5ng<sup>1<\/sup>\u00a0y\u00eau th\u00edch c\u1ee7a b\u1ea1n \u0111\u1ec3 ph\u00e2n t\u00edch, chia s\u1ebb d\u1eef li\u1ec7u v\u00e0 l\u1eadp l\u1ed9 tr\u00ecnh d\u1ef1 ki\u1ebfn nhi\u1ec1u h\u01a1n.<\/p>\n<\/div>\n<div><img decoding=\"async\" class=\"app__feature__card__image\" src=\"https:\/\/xedop.com\/wp-content\/uploads\/2025\/06\/rally-xc100-pedal-power-meter-ban-dap-do-luc-mot-ben-xe-mtb-3006-5.jpg\" alt=\"\" \/><\/p>\n<p>S\u1eb5n s\u00e0ng n\u00e2ng c\u1ea5p? D\u1ec5 d\u00e0ng n\u00e2ng c\u1ea5p l\u00ean h\u1ec7 th\u1ed1ng c\u1ea3m bi\u1ebfn k\u00e9p b\u1ea5t c\u1ee9 l\u00fac n\u00e0o (b\u00e1n ri\u00eang).<\/p>\n<\/p>\n<h3>B\u00c0N \u0110\u1ea0P \u0110\u01af\u1ee2C THI\u1ebeT K\u1ebe HO\u00c0N H\u1ea2O<\/h3>\n<p>Thi\u1ebft b\u1ecb \u0111o l\u1ef1c \u0111\u1ea1p Rally \u0111\u00e3 tr\u1ea3i qua qu\u00e1 tr\u00ecnh ki\u1ec3m nghi\u1ec7m nghi\u00eam ng\u1eb7t \u0111\u1ec3 \u0111\u1ea3m b\u1ea3o \u0111\u1ed9 tin c\u1eady to\u00e0n di\u1ec7n. \u0110\u01b0\u1ee3c thi\u1ebft k\u1ebf cao c\u1ea5p v\u1edbi c\u00e1c c\u1ea3m bi\u1ebfn \u0111\u1eb7t b\u00ean trong, b\u00e0n \u0111\u1ea1p n\u00e0y \u0111\u01b0\u1ee3c l\u1eafp r\u00e1p gi\u1ed1ng nh\u01b0 b\u1ea5t k\u1ef3 b\u00e0n \u0111\u1ea1p n\u00e0o, v\u00e0 d\u1ec5 d\u00e0ng chuy\u1ec3n \u0111\u1ed5i gi\u1eefa c\u00e1c xe.<\/p>\n<\/p>\n<h3>CA\u0301C CHI\u0309 S\u00d4\u0301 \u0110A\u0301NG TIN<\/h3>\n<p>B\u1eb1ng c\u00e1ch \u0111o ch\u00ednh x\u00e1c gu\u00f4\u0300ng ch\u00e2n v\u00e0 l\u1ef1c c\u1ee7a b\u1ea1n \u0111\u01b0\u1ee3c ph\u00e1t hi\u1ec7n tr\u00ean b\u00e0n \u0111\u1ea1p tr\u00e1i, Rally XC100 nh\u00e2n \u0111\u00f4i gi\u00e1 tr\u1ecb \u0111\u1ec3 cung c\u1ea5p t\u1ed5ng l\u01b0\u0323c. Mu\u1ed1n c\u00f3 th\u00eam s\u1ed1 li\u1ec7u? N\u00e2ng c\u1ea5p l\u00ean h\u1ec7 th\u1ed1ng c\u1ea3m bi\u1ebfn k\u00e9p (b\u00e1n ri\u00eang).<\/p>\n<\/p>\n<h3>T\u01af\u01a0NG TH\u00cdCH V\u1edaI CAN GI\u00c0Y<\/h3>\n<p>\u0110\u1ec3 \u0111a\u0323p xe tho\u1ea3i m\u00e1i, nh\u1eefng b\u00e0n \u0111\u1ea1p n\u00e0y \u0111\u01b0\u1ee3c thi\u1ebft k\u1ebf v\u1edbi can gia\u0300y SHIMANO SPD y\u00eau th\u00edch c\u1ee7a b\u1ea1n.<\/p>\n<\/p>\n<h3>TR\u1ee4C XOAY C\u00d3 TH\u1ec2 CHUY\u1ec2N \u0110\u1ed4I<\/h3>\n<p>T\u1eeb \u0111\u01b0\u1eddng \u0111ua \u0111\u1ebfn \u0111\u01b0\u1eddng \u0111\u1ea7y s\u1ecfi \u0111\u00e1, \u0111\u01b0\u1eddng d\u00e0nh ri\u00eang cho xe \u0111\u1ea1p v\u00e0 h\u01a1n th\u1ebf, tr\u1ee5c xoay c\u00f3 th\u1ec3 chuy\u1ec3n \u0111\u1ed5i \u0111\u01b0\u1ee3c l\u1eafp \u0111\u1eb7t trong b\u1ed9 th\u00e2n b\u00e0n \u0111\u1ea1p Rally RS\/Rally XC (m\u1ed7i b\u1ed9 \u0111\u01b0\u1ee3c b\u00e1n ri\u00eang) gi\u00fap b\u1ea1n c\u00f3 th\u1ec3 duy tr\u00ec \u0111\u1ea1p xe quanh n\u0103m.<\/p>\n<\/p>\n<h3>TH\u1edcI L\u01af\u1ee2NG PIN<\/h3>\n<p>H\u00e3y ch\u1eafc ch\u1eafn r\u1eb1ng b\u1ea1n \u0111\u00e3 s\u1eb5n s\u00e0ng cho nh\u1eefng chuy\u1ebfn \u0111i d\u00e0i v\u00e0 c\u00e1c bu\u1ed5i luy\u00ea\u0323n t\u00e2\u0323p v\u1edbi th\u1eddi l\u01b0\u1ee3ng pin l\u00ean t\u1edbi 120 gi\u1edd.<\/p>\n<\/p>\n<h3>K\u00ca\u0301T N\u00d4\u0301I \u0110\u00c2\u0300Y \u0110U\u0309<\/h3>\n<p>K\u1ebft n\u1ed1i Rally XC100 v\u1edbi m\u00e1y t\u00ednh h\u1ed7 tr\u1ee3 \u0111\u1ea1p xe Edge t\u01b0\u01a1ng th\u00edch v\u00e0 \u1ee9ng d\u1ee5ng Garmin Connect\u00b9 gi\u00fap t\u1ea3i d\u1eef li\u1ec7u l\u00ean v\u00e0 c\u1eadp nh\u1eadt ph\u1ea7n m\u1ec1m d\u1ec5 d\u00e0ng. Th\u1eadm ch\u00ed k\u1ebft n\u1ed1i c\u1ea3 v\u1edbi \u1ee9ng d\u1ee5ng Tacx Training khi b\u1ea1n \u0111\u1ea1p xe trong nh\u00e0.<\/p>\n<\/p>\n<h3>TH\u00caM NHI\u1ec0U C\u00c1CH \u0110\u1ec2 T\u1eacP LUY\u1ec6N<\/h3>\n<p>Rally XC100 cung c\u1ea5p d\u1eef li\u1ec7u l\u1ef1c cho c\u00e1c \u1ee9ng d\u1ee5ng c\u1ee7a b\u00ean th\u1ee9 ba\u00b9 nh\u01b0 Strava, TrainingPeaks\u00ae, TrainerRoad v\u00e0 h\u01a1n th\u1ebf n\u1eefa.<\/p>\n<p>&nbsp;<\/p>\n<\/div>\n<ul>\n<li>Lo\u1ea1i pin: LR44\/SR44 (x4)<\/li>\n<li>Th\u1eddi l\u01b0\u1ee3ng pin:up to 120 hours (with LR44 battery type)<\/li>\n<li>TRO\u0323NG L\u01af\u01a0\u0323NG: 455\u00a0g<\/li>\n<li>Kh\u1ea3 n\u0103ng ch\u1ed1ng n\u01b0\u1edbc: IPX7<\/li>\n<li>Tro\u0323ng l\u01b0\u01a1\u0323ng t\u1ed1i \u0111a c\u1ee7a ng\u01b0\u01a1\u0300i \u0111\u1ea1p: 105 kg<\/li>\n<li>\u0110\u1ed9 ch\u00ednh x\u00e1c: +\/- 1.0%<\/li>\n<li>Loa\u0323i can gia\u0300y: SHIMANO SPD<\/li>\n<li>H\u00ea\u0323 s\u00f4\u0301 Q: 53 mm (55mm v\u1edbi mi\u1ebfng l\u00f3t 2mm \u0111i k\u00e8m)<\/li>\n<li>Chi\u00ea\u0300u cao t\u01b0\u0300 t\u00e2m tru\u0323c ba\u0300n \u0111a\u0323p \u0111\u00ea\u0301n m\u0103\u0323t \u0111\u00ea\u0301 gia\u0300y: 13.5 mm<\/li>\n<li>Hi\u00ea\u0323u chu\u00e2\u0309n tr\u01b0\u01a1\u0300ng d\u01b0\u0303 li\u00ea\u0323u<\/li>\n<li>\u0110i\u1ec1u ch\u1ec9nh l\u1ef1c c\u0103ng<\/li>\n<li>V\u1ecb tr\u00ed \u0111o: tr\u1ee5c ch\u00ednh:: Spindle<\/li>\n<li>K\u00ea\u0301t n\u00f4\u0301i: ANT+\u00ae and BLUETOOTH\u00ae<\/li>\n<\/ul>\n","protected":false},"excerpt":{"rendered":"<p>Rally XC200 \u0111\u01b0\u01a1\u0323c th\u01b0\u0309 nghi\u1ec7m trong c\u00e1c \u0111i\u1ec1u ki\u1ec7n nghi\u00eam ng\u1eb7t \u0111\u1ec3 b\u1ea1n c\u00f3 th\u1ec3 \u0111\u1ea1p xe trong m\u00f4i tr\u01b0\u1eddng kh\u1eafc nghi\u1ec7t. D\u1ee5ng c\u1ee5 \u0111o l\u1ef1c c\u1ea3m bi\u1ebfn k\u00e9p cung c\u1ea5p c\u00e1c d\u1eef li\u1ec7u l\u1ef1c \u0111\u1ea1p \u0111\u00e1ng tin c\u1eady v\u00e0 d\u1ec5 d\u00e0ng chuy\u1ec3n \u0111\u1ed5i gi\u1eefa c\u00e1c xe \u2014 d\u00f9 b\u1ea1n \u0111ang \u0111\u1ea1p xe g\u00ec hay \u0111\u1ea1p \u1edf \u0111\u00e2u.<\/p>\n","protected":false},"featured_media":3013,"comment_status":"closed","ping_status":"closed","template":"","meta":[],"product_cat":[88],"product_tag":[],"class_list":["post-3006","product","type-product","status-publish","has-post-thumbnail","hentry","product_cat-garmin"],"_links":{"self":[{"href":"https:\/\/xedopcom719.mbws.vn\/en\/wp-json\/wp\/v2\/product\/3006","targetHints":{"allow":["GET"]}}],"collection":[{"href":"https:\/\/xedopcom719.mbws.vn\/en\/wp-json\/wp\/v2\/product"}],"about":[{"href":"https:\/\/xedopcom719.mbws.vn\/en\/wp-json\/wp\/v2\/types\/product"}],"replies":[{"embeddable":true,"href":"https:\/\/xedopcom719.mbws.vn\/en\/wp-json\/wp\/v2\/comments?post=3006"}],"version-history":[{"count":1,"href":"https:\/\/xedopcom719.mbws.vn\/en\/wp-json\/wp\/v2\/product\/3006\/revisions"}],"predecessor-version":[{"id":3029,"href":"https:\/\/xedopcom719.mbws.vn\/en\/wp-json\/wp\/v2\/product\/3006\/revisions\/3029"}],"wp:featuredmedia":[{"embeddable":true,"href":"https:\/\/xedopcom719.mbws.vn\/en\/wp-json\/wp\/v2\/media\/3013"}],"wp:attachment":[{"href":"https:\/\/xedopcom719.mbws.vn\/en\/wp-json\/wp\/v2\/media?parent=3006"}],"wp:term":[{"taxonomy":"product_cat","embeddable":true,"href":"https:\/\/xedopcom719.mbws.vn\/en\/wp-json\/wp\/v2\/product_cat?post=3006"},{"taxonomy":"product_tag","embeddable":true,"href":"https:\/\/xedopcom719.mbws.vn\/en\/wp-json\/wp\/v2\/product_tag?post=3006"}],"curies":[{"name":"wp","href":"https:\/\/api.w.org\/{rel}","templated":true}]}}