{"id":1723,"date":"2025-06-05T14:46:55","date_gmt":"2025-06-05T07:46:55","guid":{"rendered":"https:\/\/xedop.com\/?post_type=product&#038;p=1723"},"modified":"2025-06-30T15:09:56","modified_gmt":"2025-06-30T08:09:56","slug":"giay-ca-giant-starlight","status":"publish","type":"product","link":"https:\/\/xedopcom719.mbws.vn\/en\/san-pham\/giay-ca-giant-starlight\/","title":{"rendered":"Gi\u00e0y c\u00e1 GIANT Starlight"},"content":{"rendered":"<ul>\n<li>Thi\u1ebft k\u1ebf theo ng\u01b0\u1eddi th\u1ef1c, kh\u00f4ng \u0111\u01b0\u1eddng may TPU+Airmesh, \u0111\u1ec3 m\u1eb7t gi\u00e0y v\u00e0 \u0111\u00e1y th\u00e0nh 1 th\u1ec3 th\u1ed1ng nh\u1ea5t, \u0111\u1ed9 tho\u1ea3i m\u00e1i cao.<\/li>\n<li>H\u1ec7 th\u1ed1ng: BOA L6 n\u00fat \u0111i\u1ec1u ch\u1ec9nh c\u0103ng v\u00e0 l\u1ecfng d\u1ec5 d\u00e0ng, \u0111\u1ed9 \u1ed5n \u0111\u1ecbnh cao.<\/li>\n<li>\u0110\u1ebf gi\u00e0y: s\u1eed d\u1ee5ng ch\u1ea5t li\u1ec7u Ni long Double 6, l\u1ed7 tho\u00e1t kh\u00ed l\u1edbn, t\u1ea3n nhi\u1ec7t nhanh \u0111\u1ed9 c\u1ee9ng \u0111\u1ebf l\u00e0 7.<\/li>\n<li>Thi\u1ebft k\u1ebf ph\u00eda sau gi\u00e0y: b\u00ean trong s\u1eed d\u1ee5ng ch\u1ea5t li\u1ec7u v\u1ea9y c\u00e1 x\u1eed l\u00fd nhi\u1ec7t, \u0111\u1ec3 gi\u00e0y c\u1ee9ng c\u00e1p h\u01a1n, khi b\u01b0\u1edbc ch\u00e2n s\u1ebd \u1ed5n \u0111\u1ecbnh h\u01a1n.<\/li>\n<li>SKU: 875200080-89<\/li>\n<\/ul>\n","protected":false},"excerpt":{"rendered":"<p>Thi\u1ebft k\u1ebf theo ng\u01b0\u1eddi th\u1ef1c, kh\u00f4ng \u0111\u01b0\u1eddng may TPU+Airmesh, \u0111\u1ec3 m\u1eb7t gi\u00e0y v\u00e0 \u0111\u00e1y th\u00e0nh 1 th\u1ec3 th\u1ed1ng nh\u1ea5t, \u0111\u1ed9 tho\u1ea3i m\u00e1i cao. H\u1ec7 th\u1ed1ng: BOA<span class=\"excerpt-hellip\"> [\u2026]<\/span><\/p>\n","protected":false},"featured_media":1724,"comment_status":"closed","ping_status":"closed","template":"","meta":[],"product_cat":[78],"product_tag":[],"class_list":["post-1723","product","type-product","status-publish","has-post-thumbnail","hentry","product_cat-giay"],"_links":{"self":[{"href":"https:\/\/xedopcom719.mbws.vn\/en\/wp-json\/wp\/v2\/product\/1723","targetHints":{"allow":["GET"]}}],"collection":[{"href":"https:\/\/xedopcom719.mbws.vn\/en\/wp-json\/wp\/v2\/product"}],"about":[{"href":"https:\/\/xedopcom719.mbws.vn\/en\/wp-json\/wp\/v2\/types\/product"}],"replies":[{"embeddable":true,"href":"https:\/\/xedopcom719.mbws.vn\/en\/wp-json\/wp\/v2\/comments?post=1723"}],"version-history":[{"count":2,"href":"https:\/\/xedopcom719.mbws.vn\/en\/wp-json\/wp\/v2\/product\/1723\/revisions"}],"predecessor-version":[{"id":9977,"href":"https:\/\/xedopcom719.mbws.vn\/en\/wp-json\/wp\/v2\/product\/1723\/revisions\/9977"}],"wp:featuredmedia":[{"embeddable":true,"href":"https:\/\/xedopcom719.mbws.vn\/en\/wp-json\/wp\/v2\/media\/1724"}],"wp:attachment":[{"href":"https:\/\/xedopcom719.mbws.vn\/en\/wp-json\/wp\/v2\/media?parent=1723"}],"wp:term":[{"taxonomy":"product_cat","embeddable":true,"href":"https:\/\/xedopcom719.mbws.vn\/en\/wp-json\/wp\/v2\/product_cat?post=1723"},{"taxonomy":"product_tag","embeddable":true,"href":"https:\/\/xedopcom719.mbws.vn\/en\/wp-json\/wp\/v2\/product_tag?post=1723"}],"curies":[{"name":"wp","href":"https:\/\/api.w.org\/{rel}","templated":true}]}}