{"id":1663,"date":"2025-06-05T14:37:18","date_gmt":"2025-06-05T07:37:18","guid":{"rendered":"https:\/\/xedop.com\/?post_type=product&#038;p=1663"},"modified":"2025-06-05T14:37:19","modified_gmt":"2025-06-05T07:37:19","slug":"giay-dap-xe-road-giro-savix-ii","status":"publish","type":"product","link":"https:\/\/xedopcom719.mbws.vn\/en\/san-pham\/giay-dap-xe-road-giro-savix-ii\/","title":{"rendered":"Gi\u00e0y \u0111\u1ea1p xe Road GIRO SAVIX II"},"content":{"rendered":"<p><strong>\u0110I\u1ec0U CH\u1ec8NH V\u1eb6N TI\u1ec6N D\u1ee4NG\u00a0<\/strong><br \/>\nChi\u1ebfc gi\u00e0y xe \u0111\u1ea1p road chuy\u00ean d\u1ee5ng Savix mang l\u1ea1i s\u1ef1 tho\u1ea3i m\u00e1i m\u00e0 b\u1ea1n mong \u0111\u1ee3i t\u1eeb Giro v\u1edbi s\u1ef1 \u0111i\u1ec1u ch\u1ec9nh nhanh ch\u00f3ng c\u1ee7a kh\u00f3a v\u1eb7n\u00a0Boa. V\u1edbi n\u00fam v\u1eb7n duy nh\u1ea5t c\u00f9ng kh\u00f3a \u0111ai ph\u00eda tr\u01b0\u1edbc, b\u1ea1n c\u00f3 th\u1ec3 nhanh ch\u00f3ng mang\u00a0gi\u00e0y v\u00e0 s\u1eb5n s\u00e0ng \u0111\u1ea1p xe. Kh\u00f3a v\u1eb7n Boa L6 cung c\u1ea5p \u0111i\u1ec1u ch\u1ec9nh t\u0103ng gi\u1ea3m\u00a01mm khi si\u1ebft ch\u1eb7t v\u00e0 m\u1edf kh\u00f3a ti\u1ec7n d\u1ee5ng. \u0110\u1ebf ngo\u00e0i b\u1eb1ng nylon t\u01b0\u01a1ng th\u00edch 2 v\u00e0 3 ch\u1ea5u cho ph\u00e9p b\u1ea1n l\u1eafp \u0111\u1ec3 ch\u1ea1y xe \u0111\u1ea1p leo n\u00fai ho\u1eb7c xe road\u00a0t\u00f9y b\u00e0n \u0111\u1ea1p c\u1ee7a b\u1ea1n.<\/p>\n<p><strong>TH\u00d4NG S\u1ed0 K\u1ef8 THU\u1eacT<\/strong><\/p>\n<p><strong>\/ B\u1ec1 m\u1eb7t gi\u00e0y:\u00a0<\/strong><\/p>\n<p>S\u1ee3i t\u1ed5ng h\u1ee3p; Trang b\u1ecb Boa L6 (1mm) v\u1edbi d\u00e2y \u0111ai ph\u00eda d\u01b0\u1edbi.<\/p>\n<p><strong>\/ \u0110\u1ebf ngo\u00e0i:\u00a0<\/strong><\/p>\n<p>Ch\u1ea5t li\u1ec7u nylon c\u1ee9ng ch\u1eafc v\u1edbi ng\u00e0m t\u01b0\u01a1ng t\u00edch c\u1ea3 lo\u1ea1i 2 v\u00e0 3 ch\u1ea5u<\/p>\n<p>Ph\u1ea7n \u0111\u1ebf \u1edf m\u0169i v\u00e0 g\u00f3t ch\u00e2n v\u1eadt li\u1ec7u TPU 2 l\u1edbp<\/p>\n<p><strong>\/ \u0110\u1ebf trong :<\/strong><\/p>\n<p>T\u1ea5m l\u00f3t \u0111\u01b0\u1ee3c thi\u1ebft k\u1ebf ri\u00eang<\/p>\n<p><strong>\/ Tr\u1ecdng l\u01b0\u1ee3ng:<\/strong><\/p>\n<p>310 grams (size 42)<\/p>\n","protected":false},"excerpt":{"rendered":"<p>\u0110I\u1ec0U CH\u1ec8NH V\u1eb6N TI\u1ec6N D\u1ee4NG\u00a0 Chi\u1ebfc gi\u00e0y xe \u0111\u1ea1p road chuy\u00ean d\u1ee5ng Savix mang l\u1ea1i s\u1ef1 tho\u1ea3i m\u00e1i m\u00e0 b\u1ea1n mong \u0111\u1ee3i t\u1eeb Giro v\u1edbi s\u1ef1<span class=\"excerpt-hellip\"> [\u2026]<\/span><\/p>\n","protected":false},"featured_media":1664,"comment_status":"closed","ping_status":"closed","template":"","meta":[],"product_cat":[78],"product_tag":[],"class_list":["post-1663","product","type-product","status-publish","has-post-thumbnail","hentry","product_cat-giay"],"_links":{"self":[{"href":"https:\/\/xedopcom719.mbws.vn\/en\/wp-json\/wp\/v2\/product\/1663","targetHints":{"allow":["GET"]}}],"collection":[{"href":"https:\/\/xedopcom719.mbws.vn\/en\/wp-json\/wp\/v2\/product"}],"about":[{"href":"https:\/\/xedopcom719.mbws.vn\/en\/wp-json\/wp\/v2\/types\/product"}],"replies":[{"embeddable":true,"href":"https:\/\/xedopcom719.mbws.vn\/en\/wp-json\/wp\/v2\/comments?post=1663"}],"version-history":[{"count":1,"href":"https:\/\/xedopcom719.mbws.vn\/en\/wp-json\/wp\/v2\/product\/1663\/revisions"}],"predecessor-version":[{"id":1672,"href":"https:\/\/xedopcom719.mbws.vn\/en\/wp-json\/wp\/v2\/product\/1663\/revisions\/1672"}],"wp:featuredmedia":[{"embeddable":true,"href":"https:\/\/xedopcom719.mbws.vn\/en\/wp-json\/wp\/v2\/media\/1664"}],"wp:attachment":[{"href":"https:\/\/xedopcom719.mbws.vn\/en\/wp-json\/wp\/v2\/media?parent=1663"}],"wp:term":[{"taxonomy":"product_cat","embeddable":true,"href":"https:\/\/xedopcom719.mbws.vn\/en\/wp-json\/wp\/v2\/product_cat?post=1663"},{"taxonomy":"product_tag","embeddable":true,"href":"https:\/\/xedopcom719.mbws.vn\/en\/wp-json\/wp\/v2\/product_tag?post=1663"}],"curies":[{"name":"wp","href":"https:\/\/api.w.org\/{rel}","templated":true}]}}