{"id":1649,"date":"2025-06-05T14:34:29","date_gmt":"2025-06-05T07:34:29","guid":{"rendered":"https:\/\/xedop.com\/?post_type=product&#038;p=1649"},"modified":"2025-07-20T17:11:51","modified_gmt":"2025-07-20T10:11:51","slug":"giay-dap-xe-road-giro-stylus","status":"publish","type":"product","link":"https:\/\/xedopcom719.mbws.vn\/en\/san-pham\/giay-dap-xe-road-giro-stylus\/","title":{"rendered":"Gi\u00e0y \u0111\u1ea1p xe Road GIRO STYLUS"},"content":{"rendered":"<p><img decoding=\"async\" src=\"https:\/\/xedop.com\/wp-content\/uploads\/2025\/07\/giay-dap-xe-road-giro-stylus-1649.jpg\" alt=\"Stylus Shoe Details\" \/><\/p>\n<p>&nbsp;<\/p>\n<p><strong>TH\u00d4NG S\u1ed0 K\u1ef8 THU\u1eacT<\/strong><\/p>\n<p>B\u1ec1 m\u1eb7t gi\u00e0y<\/p>\n<ul>\n<li>V\u1eadt li\u1ec7u \u00e9p nhi\u1ec7t\u00a0\u00a0SYNCHWIRE\u2122 1 t\u1ea5m duy nh\u1ea5t<\/li>\n<li>L\u1ed7 th\u00f4ng gi\u00f3 c\u1eaft b\u1eb1ng m\u00e1y laser<\/li>\n<li>Ba d\u00e2y \u0111ai kh\u00f3a d\u00e1n\u00a0Velcro<\/li>\n<li>Logo ph\u1ea3n quang ph\u1ea7n sau gi\u00e0y<\/li>\n<\/ul>\n<p>&nbsp;<\/p>\n<p><strong>\u0110\u1ebf ngo\u00e0i<\/strong><\/p>\n<p>Ch\u1ea5t li\u1ec7u nylon\u00a0v\u00e0\u00a0s\u1ee3i thu\u1ef7 tinh c\u1ee9ng ch\u1eafc v\u1edbi ng\u00e0m t\u01b0\u01a1ng t\u00edch c\u1ea3 lo\u1ea1i 2 v\u00e0 3 ch\u1ea5u.<\/p>\n<p>&nbsp;<\/p>\n<p>\u0110\u1ebf trong<\/p>\n<p>T\u1ea5m l\u00f3t \u0111\u01b0\u1ee3c thi\u1ebft k\u1ebf ri\u00eang<\/p>\n<p>&nbsp;<\/p>\n<p>Tr\u1ecdng l\u01b0\u1ee3ng<\/p>\n<p>272 grams (size 42)<\/p>\n<p>&nbsp;<\/p>\n<p><img decoding=\"async\" src=\"https:\/\/xedop.com\/wp-content\/uploads\/2025\/07\/giay-dap-xe-road-giro-stylus-1649-1.jpg\" alt=\"Stylus Shoe Specs\" \/><\/p>\n","protected":false},"excerpt":{"rendered":"<p>Stylus kh\u00f4ng ch\u1ec9 tuy\u1ec7t v\u1eddi v\u1edbi v\u1eadt li\u1ec7u Synchwire cao c\u1ea5p kh\u00f4ng \u0111\u01b0\u1eddng may\u00a0ph\u00eda tr\u00ean m\u00e0 c\u00f2n \u1edf c\u1ea5u tr\u00fac v\u00e0 kh\u1ea3 n\u0103ng tho\u00e1ng kh\u00ed phi th\u01b0\u1eddng. Ba d\u00e2y \u0111ai kh\u00f3a d\u00e1n Velcro c\u1ed1 \u0111\u1ecbnh b\u00e0n ch\u00e2n ch\u1eafc ch\u1eafc\u00a0t\u1ea1o c\u1ea3m gi\u00e1c tho\u1ea3i m\u00e1i, v\u1eeba v\u1eb7n. \u0110\u1ebf ngo\u00e0i b\u1eb1ng nylon v\u00e0 s\u1ee3i th\u1ee7y tinh v\u1edbi ph\u1ea7n g\u00f3t v\u00e0 ng\u00f3n ch\u00e2n gia c\u1ed1 ch\u1eafc ch\u1eafn\u00a0t\u01b0\u01a1ng th\u00edch v\u1edbi c\u1ea3 can 2 v\u00e0 3 ch\u1ea5u t\u0103ng \u0111\u1ed9 truy\u1ec1n l\u1ef1c\u00a0v\u00e0 t\u00ednh linh ho\u1ea1t c\u1ea7n thi\u1ebft cho m\u1ecdi chuy\u1ebfn \u0111i.<\/p>\n","protected":false},"featured_media":1650,"comment_status":"closed","ping_status":"closed","template":"","meta":[],"product_cat":[78],"product_tag":[],"class_list":["post-1649","product","type-product","status-publish","has-post-thumbnail","hentry","product_cat-giay"],"_links":{"self":[{"href":"https:\/\/xedopcom719.mbws.vn\/en\/wp-json\/wp\/v2\/product\/1649","targetHints":{"allow":["GET"]}}],"collection":[{"href":"https:\/\/xedopcom719.mbws.vn\/en\/wp-json\/wp\/v2\/product"}],"about":[{"href":"https:\/\/xedopcom719.mbws.vn\/en\/wp-json\/wp\/v2\/types\/product"}],"replies":[{"embeddable":true,"href":"https:\/\/xedopcom719.mbws.vn\/en\/wp-json\/wp\/v2\/comments?post=1649"}],"version-history":[{"count":2,"href":"https:\/\/xedopcom719.mbws.vn\/en\/wp-json\/wp\/v2\/product\/1649\/revisions"}],"predecessor-version":[{"id":10358,"href":"https:\/\/xedopcom719.mbws.vn\/en\/wp-json\/wp\/v2\/product\/1649\/revisions\/10358"}],"wp:featuredmedia":[{"embeddable":true,"href":"https:\/\/xedopcom719.mbws.vn\/en\/wp-json\/wp\/v2\/media\/1650"}],"wp:attachment":[{"href":"https:\/\/xedopcom719.mbws.vn\/en\/wp-json\/wp\/v2\/media?parent=1649"}],"wp:term":[{"taxonomy":"product_cat","embeddable":true,"href":"https:\/\/xedopcom719.mbws.vn\/en\/wp-json\/wp\/v2\/product_cat?post=1649"},{"taxonomy":"product_tag","embeddable":true,"href":"https:\/\/xedopcom719.mbws.vn\/en\/wp-json\/wp\/v2\/product_tag?post=1649"}],"curies":[{"name":"wp","href":"https:\/\/api.w.org\/{rel}","templated":true}]}}