{"id":1454,"date":"2025-06-04T18:48:12","date_gmt":"2025-06-04T11:48:12","guid":{"rendered":"https:\/\/xedop.com\/?post_type=product&#038;p=1454"},"modified":"2025-06-04T18:48:14","modified_gmt":"2025-06-04T11:48:14","slug":"bo-dung-cu-lam-sach-xich-bio-chain-doc","status":"publish","type":"product","link":"https:\/\/xedopcom719.mbws.vn\/en\/san-pham\/bo-dung-cu-lam-sach-xich-bio-chain-doc\/","title":{"rendered":"B\u1ed9 d\u1ee5ng c\u1ee5 l\u00e0m s\u1ea1ch x\u00edch Bio Chain Doc"},"content":{"rendered":"<p>D\u1ee5ng c\u1ee5 l\u00e0m s\u1ea1ch x\u00edch Muc-Off Bio Chain Doc lo\u1ea1i b\u1ecf b\u1ee5i b\u1ea9n t\u1eeb x\u00edch xe \u0111\u1ea1p m\u1ed9t c\u00e1ch d\u1ec5 d\u00e0ng, ti\u1ec7n d\u1ee5ng. D\u1ee5ng c\u1ee5 ho\u1ea1t \u0111\u1ed9ng b\u1eb1ng c\u00e1ch k\u1ebft h\u1ee3p b\u00e0n ch\u1ea3i xoay v\u1edbi s\u1ee9c m\u1ea1nh t\u1ea9y r\u1eeda tuy\u1ec7t v\u1eddi t\u1eeb Ch\u1ea5t t\u1ea9y r\u1eeda X\u00edch Muc-Off Bio Chain Cleaner. N\u00f3 s\u1ebd l\u00e0m cho x\u00edch c\u1ee7a b\u1ea1n s\u1ea1ch bong ch\u1ec9 trong 19 gi\u00e2y.<\/p>\n<p>B\u1ed9 D\u1ee5ng c\u1ee5 l\u00e0m s\u1ea1ch x\u00edch Muc-Off Bio Chain Doc \u0111i k\u00e8m v\u1edbi m\u1ed9t B\u00ecnh X\u1ecbt\u00a0T\u1ea9y R\u1eeda S\u00ean Muc-Off Bio Chain Cleaner.<\/p>\n<p>&nbsp;<\/p>\n<p><img decoding=\"async\" src=\"https:\/\/xedop.com\/wp-content\/uploads\/2025\/06\/bo-dung-cu-lam-sach-xich-bio-chain-doc-1454.jpg\" \/><\/p>\n<h2><\/h2>\n<h2>T\u00cdNH N\u0102NG N\u1ed4I B\u1eacT<\/h2>\n<ul>\n<li>L\u00e0m s\u1ea1ch x\u00edch xe m\u1ed9t c\u00e1ch d\u1ec5 d\u00e0ng, nhanh ch\u00f3ng v\u00e0 ti\u1ec7n d\u1ee5ng.<\/li>\n<li>Lo\u1ea1i b\u1ecf ho\u00e0n to\u00e0n c\u00e1c ch\u1ea5t b\u1ea9n, c\u1eb7n b\u00e1m tr\u00ean x\u00edch xe.<\/li>\n<li>C\u00f4ng th\u1ee9c kh\u00f4ng ch\u1ee9a h\u00f3a ch\u1ea5t \u0111\u1ed9c h\u1ea1i.<\/li>\n<li>Th\u00edch h\u1ee3p s\u1eed d\u1ee5ng cho t\u1ea5t c\u1ea3 c\u00e1c lo\u1ea1i x\u00edch xe.<\/li>\n<li>L\u00f4ng b\u00e0n ch\u1ea3i nylon c\u00f3 \u0111\u1ed9 b\u1ec1n cao<\/li>\n<li>\u0110i k\u00e8m v\u1edbi m\u1ed9t chai Ch\u1ea5t t\u1ea9y r\u1eeda X\u00edch Muc-Off Bio Chain Cleaner 400ml<\/li>\n<li>Th\u00e0nh ph\u1ea7n ph\u00e2n h\u1ee7y sinh h\u1ecdc an to\u00e0n cho m\u00f4i tr\u01b0\u1eddng.<\/li>\n<\/ul>\n<p><em>* CH\u00da \u00dd: B\u00ecnh x\u1ecbt d\u1ec5 ch\u00e1y, \u00e1p su\u1ea5t b\u00ecnh ch\u1ee9a c\u00f3 th\u1ec3 g\u00e2y n\u1ed5 n\u1ebfu b\u1ecb \u0111\u1ed1t n\u00f3ng. Tr\u00e1nh xa t\u1ea7m tay tr\u1ebb em.\u00a0<\/em><\/p>\n<div><\/div>\n<div>\n<table>\n<tbody>\n<tr>\n<td><img decoding=\"async\" src=\"https:\/\/xedop.com\/wp-content\/uploads\/2025\/06\/bo-dung-cu-lam-sach-xich-bio-chain-doc-1454-1.jpg\" \/><\/td>\n<td><img decoding=\"async\" src=\"https:\/\/xedop.com\/wp-content\/uploads\/2025\/06\/bo-dung-cu-lam-sach-xich-bio-chain-doc-1454-2.jpg\" \/><\/td>\n<\/tr>\n<tr>\n<td>\n<h3>R\u1ee6A S\u1ea0CH S\u00c2U X\u00cdCH XE<\/h3>\n<p>Ho\u00e0n to\u00e0n lo\u1ea1i b\u1ecf c\u1eb7n b\u00e1m v\u00e0 d\u1ea7u nh\u1eddn tr\u00ean x\u00edch xe m\u1ed9t c\u00e1ch d\u1ec5 d\u00e0ng v\u00e0 nhanh ch\u00f3ng.<\/td>\n<td>\n<h3>D\u1ec4 D\u00c0NG S\u1eec D\u1ee4NG<\/h3>\n<p>D\u1ee5ng c\u1ee5 d\u1ec5 th\u00e1o g\u1ee1 v\u00e0o chai x\u1ecbt t\u1ea9y r\u1eeda x\u00edch Bio Chain Cleaner<\/td>\n<\/tr>\n<\/tbody>\n<\/table>\n<\/div>\n<p>&nbsp;<\/p>\n<h2>H\u01af\u1edaNG D\u1eaaN C\u00c1CH G\u1eaeN V\u00c0O B\u00ccNH X\u1ecaT:<\/h2>\n<ol>\n<li>\u0110\u1ea7u ti\u00ean th\u00e1o n\u1eafp \u0111\u1eady b\u00ecnh x\u1ecbt t\u1ea9y r\u1eeda x\u00edch.<\/li>\n<li>\u0110\u1eb7t ph\u1ea7n h\u00ecnh tr\u00f2n c\u1ee7a d\u1ee5ng c\u1ee5 Chain Doc\u00a0l\u00ean \u0111\u1ea7u b\u00ecnh x\u1ecbt, v\u1edbi n\u00fat x\u1ecbt \u1edf gi\u1eefa. \u0110\u1ea9y m\u1ea1nh xu\u1ed1ng cho \u0111\u1ebfn khi n\u00f3 v\u1eeba kh\u00edt.<\/li>\n<li>V\u1eb7n ch\u1eb7t\u00a0v\u00edt tr\u00ean Chain Doc b\u1eb1ng tu\u1ed1c n\u01a1 v\u00edt Phillips \u0111\u1ec3 kh\u00f3a ch\u1eb7t l\u1ea1i, gi\u00fap d\u1ee5ng c\u1ee5 kh\u00f4ng b\u1ecb v\u0103ng ra ngo\u00e0i\u00a0khi s\u1eed d\u1ee5ng!<\/li>\n<li>Nh\u1ea5n ch\u1eb7t m\u1ed9t \u0111\u1ea7u \u1ed1ng h\u00fat \u0111i k\u00e8m b\u1ed9 d\u1ee5ng c\u1ee5 v\u00e0o \u1ed1ng phun c\u1ee7a lon, \u0111\u1ea7u c\u00f2n l\u1ea1i\u00a0l\u1eafp tr\u1edf l\u1ea1i v\u00e0o d\u1ee5ng c\u1ee5. B\u1ea1n s\u1ebd th\u1ea5y m\u1ed9t l\u1ed7 nh\u1ecf tr\u00ean d\u1ee5ng c\u1ee5 Chain Doc \u0111\u1ec3 l\u1eafp v\u00e0o.<\/li>\n<li>V\u1eady l\u00e0 xong, b\u1ea1n \u0111\u00e3 s\u1eb5n s\u00e0ng cho vi\u1ec7c t\u1ea9y s\u1eeda x\u00edch xe!<\/li>\n<\/ol>\n<h2>H\u01af\u1edaNG D\u1eaaN S\u1eec D\u1ee4NG<\/h2>\n<div>\n<ol>\n<li>Ch\u1ed1ng ch\u00e2n xe ho\u1eb7c g\u1eafn v\u00e0o gi\u00e1 \u0111\u1ee1 xe \u0111\u1ea1p. Chuy\u1ec3n s\u00ean sang \u0111\u0129a gi\u1eefa v\u00e0 l\u00edp nh\u1ecf th\u1ee9 3 \u0111\u1ec3 t\u1ed1i \u01b0u \u0111\u1ed9 c\u0103ng x\u00edch.<\/li>\n<li>Gi\u1eef d\u1ee5ng c\u1ee5 l\u00e0m s\u1ea1ch x\u00edch b\u00ean tay tr\u00e1i v\u1edbi ng\u00f3n tay c\u00e1i tr\u00ean n\u00fat phun v\u00e0 ng\u00f3n tr\u1ecf qua ph\u1ea7n c\u00f2 g\u1ea1t d\u1ee5ng c\u1ee5 Chain Doc. \u0110\u1ecbnh v\u1ecb c\u1ee5ng c\u1ee5 Chain Doc tr\u00ean ph\u1ea7n x\u00edch.<\/li>\n<li>K\u00e9o c\u00f2 \u0111\u1ec3 \u0111\u00f3ng Chain Doc. Xoay b\u00e0n \u0111\u1ea1p v\u1ec1 ph\u00eda sau t\u1eeb 2 \u0111\u1ebfn 3 v\u00f2ng quay trong khi phun ch\u1ea5t t\u1ea9y r\u1eeda x\u00edch th\u00f4ng qua d\u1ee5ng c\u1ee5 Chain Doc. Ti\u1ebfp t\u1ee5c quay th\u00eam 2 \u0111\u1ebfn 3 v\u00f2ng m\u00e0 kh\u00f4ng c\u1ea7n phun.<\/li>\n<li>R\u1eeda s\u1ea1ch x\u00edch v\u00e0 d\u1ee5ng c\u1ee5 l\u00e0m s\u1ea1ch x\u00edch b\u1eb1ng n\u01b0\u1edbc s\u1ea1ch.<\/li>\n<\/ol>\n<\/div>\n","protected":false},"excerpt":{"rendered":"<p>D\u1ee5ng c\u1ee5 l\u00e0m s\u1ea1ch x\u00edch Muc-Off Bio Chain Doc lo\u1ea1i b\u1ecf b\u1ee5i b\u1ea9n t\u1eeb x\u00edch xe \u0111\u1ea1p m\u1ed9t c\u00e1ch d\u1ec5 d\u00e0ng, ti\u1ec7n d\u1ee5ng. D\u1ee5ng c\u1ee5 ho\u1ea1t<span class=\"excerpt-hellip\"> [\u2026]<\/span><\/p>\n","protected":false},"featured_media":1455,"comment_status":"closed","ping_status":"closed","template":"","meta":[],"product_cat":[80],"product_tag":[],"class_list":["post-1454","product","type-product","status-publish","has-post-thumbnail","hentry","product_cat-ve-sinh"],"_links":{"self":[{"href":"https:\/\/xedopcom719.mbws.vn\/en\/wp-json\/wp\/v2\/product\/1454","targetHints":{"allow":["GET"]}}],"collection":[{"href":"https:\/\/xedopcom719.mbws.vn\/en\/wp-json\/wp\/v2\/product"}],"about":[{"href":"https:\/\/xedopcom719.mbws.vn\/en\/wp-json\/wp\/v2\/types\/product"}],"replies":[{"embeddable":true,"href":"https:\/\/xedopcom719.mbws.vn\/en\/wp-json\/wp\/v2\/comments?post=1454"}],"version-history":[{"count":1,"href":"https:\/\/xedopcom719.mbws.vn\/en\/wp-json\/wp\/v2\/product\/1454\/revisions"}],"predecessor-version":[{"id":1463,"href":"https:\/\/xedopcom719.mbws.vn\/en\/wp-json\/wp\/v2\/product\/1454\/revisions\/1463"}],"wp:featuredmedia":[{"embeddable":true,"href":"https:\/\/xedopcom719.mbws.vn\/en\/wp-json\/wp\/v2\/media\/1455"}],"wp:attachment":[{"href":"https:\/\/xedopcom719.mbws.vn\/en\/wp-json\/wp\/v2\/media?parent=1454"}],"wp:term":[{"taxonomy":"product_cat","embeddable":true,"href":"https:\/\/xedopcom719.mbws.vn\/en\/wp-json\/wp\/v2\/product_cat?post=1454"},{"taxonomy":"product_tag","embeddable":true,"href":"https:\/\/xedopcom719.mbws.vn\/en\/wp-json\/wp\/v2\/product_tag?post=1454"}],"curies":[{"name":"wp","href":"https:\/\/api.w.org\/{rel}","templated":true}]}}