{"id":10015,"date":"2025-07-04T10:07:40","date_gmt":"2025-07-04T03:07:40","guid":{"rendered":"https:\/\/xedop.com\/?post_type=product&#038;p=10015"},"modified":"2025-07-04T10:07:42","modified_gmt":"2025-07-04T03:07:42","slug":"giay-dap-xe-duong-truong-giro-regime","status":"publish","type":"product","link":"https:\/\/xedopcom719.mbws.vn\/en\/san-pham\/giay-dap-xe-duong-truong-giro-regime\/","title":{"rendered":"Gi\u00e0y \u0111\u1ea1p xe \u0111\u01b0\u1eddng tr\u01b0\u1eddng GIRO Regime"},"content":{"rendered":"<p><img decoding=\"async\" src=\"https:\/\/xedop.com\/wp-content\/uploads\/2025\/07\/giay-dap-xe-duong-truong-giro-regime-10015.jpg\" \/><\/p>\n<p><strong>TH\u00d4NG S\u1ed0<\/strong><\/p>\n<p><strong>B\u1ec1 m\u1eb7t gi\u00e0y (Upper)<\/strong><\/p>\n<ul>\n<li>B\u1ec1 m\u1eb7t\u00a0gi\u00e0y Synchwire li\u1ec1n m\u1ea3nh v\u1edbi k\u1ebft c\u1ea5u b\u00ean ngo\u00e0i \u00e9p nhi\u1ec7t.<\/li>\n<li>C\u00e1c l\u1ed7 tho\u00e1ng kh\u00ed \u0111\u01b0\u1ee3c c\u1eaft b\u1eb1ng laser<\/li>\n<li>T\u1ea5m ph\u1ea3n quang \u1edf g\u00f3t ch\u00e2n<\/li>\n<\/ul>\n<p>&nbsp;<\/p>\n<p><strong>L\u00f3t gi\u00e0y (Footbed)<\/strong><\/p>\n<p>\u0110\u1ec7m l\u00f3t ch\u00e2n \u0111\u00fac 3D, h\u1ed7 tr\u1ee3 v\u00f2m b\u00e0n ch\u00e2n \u1edf m\u1ee9c trung b\u00ecnh<\/p>\n<p>&nbsp;<\/p>\n<p><strong>\u0110\u1ebf ngo\u00e0i (Outsole)<\/strong><\/p>\n<ul>\n<li>\u0110\u1ebf b\u1eb1ng carbon-composite<\/li>\n<li>\u0110\u1ec7m \u0111\u1ebf TPU \u0111\u00fac k\u00e9p<\/li>\n<li>Ph\u1ea7n c\u1ee9ng b\u1eb1ng th\u00e9p kh\u00f4ng g\u1ec9 v\u1edbi kh\u1ea3 n\u0103ng d\u1ecbch chuy\u1ec3n 5mm \u1edf m\u0169i\/g\u00f3t<\/li>\n<\/ul>\n<p><strong>Tr\u1ecdng l\u01b0\u1ee3ng:\u00a0<\/strong>265 gram (c\u1ee1 42)<\/p>\n<p><strong>Cleat<\/strong>: 3 ch\u1ea5u<\/p>\n<p><img decoding=\"async\" src=\"https:\/\/xedop.com\/wp-content\/uploads\/2025\/07\/giay-dap-xe-duong-truong-giro-regime-10015-1.jpg\" \/><\/p>\n","protected":false},"excerpt":{"rendered":"<p><strong>The Regime Mang \u0110\u1ebfn S\u1ee9c M\u1ea1nh V\u00e0 Kh\u1ea3 N\u0103ng L\u00e0m Ch\u1ee7 Gi\u00fap B\u1ea1n \u0110\u1ea1t \u0110\u01b0\u1ee3c M\u1ee5c Ti\u00eau.<\/strong><\/p>\n<p>\u0110\u1ec3 t\u1ea1o ra m\u1ed9t \u0111\u00f4i gi\u00e0y hi\u1ec7u su\u1ea5t cao cho ch\u1eb7ng \u0111\u01b0\u1eddng d\u00e0i v\u00e0 \u0111\u1ecba h\u00ecnh kh\u00f3 kh\u0103n, Giro s\u1eed d\u1ee5ng th\u00e2n gi\u00e0y Synchwire l\u00e0m t\u1eeb l\u01b0\u1edbi s\u1ee3i monofilament si\u00eau nh\u1eb9 cho c\u1ea3m gi\u00e1c \u00f4m s\u00e1t nh\u01b0 l\u00e0n da th\u1ee9 hai, k\u1ebft h\u1ee3p TPU \u00e9p nhi\u1ec7t \u0111\u1ec3 t\u0103ng c\u01b0\u1eddng h\u1ed7 tr\u1ee3 v\u00e0 ch\u1ed1ng b\u00e1m b\u1ea9n.<\/p>\n<p>\u0110i\u1ec1u ch\u1ec9nh \u0111\u1ed9 \u00f4m ch\u00e2n nhanh ch\u00f3ng v\u00e0 ch\u00ednh x\u00e1c nh\u1edd kh\u00f3a BOA\u00ae L6 k\u00e9p v\u1edbi d\u00e2y th\u00e9p v\u00e0 v\u00f2ng d\u1eabn d\u00e2y m\u1ec1m, \u0111\u1ea3m b\u1ea3o ph\u00e2n b\u1ed5 \u00e1p l\u1ef1c \u0111\u1ec1u cho s\u1ef1 tho\u1ea3i m\u00e1i t\u1ed1i \u0111a khi \u0111\u1ea1p.<\/p>\n<p>Cu\u1ed1i c\u00f9ng, t\u1ea5m \u0111\u1ebf carbon composite ti\u00ean ti\u1ebfn gi\u00fap truy\u1ec1n l\u1ef1c hi\u1ec7u qu\u1ea3 v\u00e0 mang l\u1ea1i c\u1ea3m gi\u00e1c nh\u1ea1y b\u00e9n khi \u0111\u1ea1p, \u0111\u1ed3ng th\u1eddi cho ph\u00e9p d\u1ecbch chuy\u1ec3n 5mm \u0111\u1ec3 \u0111\u1ecbnh v\u1ecb can gi\u00e0y t\u1ed1i \u01b0u.<\/p>\n","protected":false},"featured_media":10016,"comment_status":"closed","ping_status":"closed","template":"","meta":[],"product_cat":[78],"product_tag":[],"class_list":["post-10015","product","type-product","status-publish","has-post-thumbnail","hentry","product_cat-giay"],"_links":{"self":[{"href":"https:\/\/xedopcom719.mbws.vn\/en\/wp-json\/wp\/v2\/product\/10015","targetHints":{"allow":["GET"]}}],"collection":[{"href":"https:\/\/xedopcom719.mbws.vn\/en\/wp-json\/wp\/v2\/product"}],"about":[{"href":"https:\/\/xedopcom719.mbws.vn\/en\/wp-json\/wp\/v2\/types\/product"}],"replies":[{"embeddable":true,"href":"https:\/\/xedopcom719.mbws.vn\/en\/wp-json\/wp\/v2\/comments?post=10015"}],"version-history":[{"count":2,"href":"https:\/\/xedopcom719.mbws.vn\/en\/wp-json\/wp\/v2\/product\/10015\/revisions"}],"predecessor-version":[{"id":10027,"href":"https:\/\/xedopcom719.mbws.vn\/en\/wp-json\/wp\/v2\/product\/10015\/revisions\/10027"}],"wp:featuredmedia":[{"embeddable":true,"href":"https:\/\/xedopcom719.mbws.vn\/en\/wp-json\/wp\/v2\/media\/10016"}],"wp:attachment":[{"href":"https:\/\/xedopcom719.mbws.vn\/en\/wp-json\/wp\/v2\/media?parent=10015"}],"wp:term":[{"taxonomy":"product_cat","embeddable":true,"href":"https:\/\/xedopcom719.mbws.vn\/en\/wp-json\/wp\/v2\/product_cat?post=10015"},{"taxonomy":"product_tag","embeddable":true,"href":"https:\/\/xedopcom719.mbws.vn\/en\/wp-json\/wp\/v2\/product_tag?post=10015"}],"curies":[{"name":"wp","href":"https:\/\/api.w.org\/{rel}","templated":true}]}}